{"id":1030,"date":"2025-04-01T09:40:55","date_gmt":"2025-04-01T09:40:55","guid":{"rendered":"https:\/\/souhami-lawoffice.com\/?page_id=1030"},"modified":"2025-04-24T12:04:42","modified_gmt":"2025-04-24T12:04:42","slug":"rediger-un-testament-les-avantages-cles","status":"publish","type":"page","link":"https:\/\/souhami-lawoffice.com\/he\/rediger-un-testament-les-avantages-cles\/","title":{"rendered":"R\u00e9diger un testament : les avantages cl\u00e9s"},"content":{"rendered":"<div data-elementor-type=\"wp-page\" data-elementor-id=\"1030\" class=\"elementor elementor-1030\" data-elementor-post-type=\"page\">\n\t\t\t\t<div class=\"elementor-element elementor-element-48c26a3 e-con-full e-flex e-con e-parent\" data-id=\"48c26a3\" data-element_type=\"container\" data-e-type=\"container\" data-settings=\"{&quot;background_background&quot;:&quot;classic&quot;}\">\n\t\t<div class=\"elementor-element elementor-element-d7f6ccd e-flex e-con-boxed e-con e-child\" data-id=\"d7f6ccd\" data-element_type=\"container\" data-e-type=\"container\">\n\t\t\t\t\t<div class=\"e-con-inner\">\n\t\t\t\t<div class=\"elementor-element elementor-element-e9c3d8e elementor-widget elementor-widget-heading\" data-id=\"e9c3d8e\" data-element_type=\"widget\" data-e-type=\"widget\" data-widget_type=\"heading.default\">\n\t\t\t\t\t<h1 class=\"elementor-heading-title elementor-size-default\">R\u00e9diger un testament : les avantages cl\u00e9s<\/h1>\t\t\t\t<\/div>\n\t\t\t\t\t<\/div>\n\t\t\t\t<\/div>\n\t\t\t\t<\/div>\n\t\t<div class=\"elementor-element elementor-element-a0535d0 e-flex e-con-boxed e-con e-parent\" data-id=\"a0535d0\" data-element_type=\"container\" data-e-type=\"container\">\n\t\t\t\t\t<div class=\"e-con-inner\">\n\t\t<div class=\"elementor-element elementor-element-71afe75 e-con-full e-flex e-con e-child\" data-id=\"71afe75\" data-element_type=\"container\" data-e-type=\"container\">\n\t\t<div class=\"elementor-element elementor-element-071681a e-con-full e-flex e-con e-child\" data-id=\"071681a\" data-element_type=\"container\" data-e-type=\"container\">\n\t\t<div class=\"elementor-element elementor-element-d5433d4 e-con-full e-flex e-con e-child\" data-id=\"d5433d4\" data-element_type=\"container\" data-e-type=\"container\">\n\t\t\t\t<div class=\"elementor-element elementor-element-b5cc3cc elementor-widget elementor-widget-text-editor\" data-id=\"b5cc3cc\" data-element_type=\"widget\" data-e-type=\"widget\" data-widget_type=\"text-editor.default\">\n\t\t\t\t\t\t\t\t\t<p class=\"\" data-start=\"419\" data-end=\"721\">La loi isra\u00e9lienne sur les successions (1965) d\u00e9finit un cadre strict pour la r\u00e9partition des biens en l\u2019absence de testament. Or, ce cadre ne refl\u00e8te pas toujours les volont\u00e9s du d\u00e9funt. R\u00e9diger un testament permet de transmettre son patrimoine selon ses propres choix, tout en prot\u00e9geant ses proches.<\/p><h3 class=\"\" data-start=\"723\" data-end=\"766\"><strong>1. Organiser librement la r\u00e9partition<\/strong><\/h3><p class=\"\" data-start=\"767\" data-end=\"916\">Le testament donne la libert\u00e9 de d\u00e9cider qui h\u00e9rite de quoi. Le testateur peut transmettre ses biens \u00e0 des proches, \u00e0 des amis ou \u00e0 des associations.<\/p><h3 class=\"\" data-start=\"918\" data-end=\"961\"><strong>2. Prot\u00e9ger efficacement son conjoint<\/strong><\/h3><p class=\"\" data-start=\"962\" data-end=\"1137\">Sans testament, le conjoint survivant ne re\u00e7oit qu\u2019une part de la succession. Avec un testament, il peut obtenir une part plus grande ou des droits d\u2019usage sur certains biens.<\/p><h3 class=\"\" data-start=\"1139\" data-end=\"1177\"><strong>3. \u00c9viter les conflits familiaux<\/strong><\/h3><p class=\"\" data-start=\"1178\" data-end=\"1339\">L\u2019absence de testament peut provoquer des tensions, surtout dans les familles recompos\u00e9es. Un document clair r\u00e9duit les risques de litige et facilite la gestion.<\/p><h3 class=\"\" data-start=\"1341\" data-end=\"1395\"><strong>4. L\u00e9guer \u00e0 des personnes non pr\u00e9vues par la loi<\/strong><\/h3><p class=\"\" data-start=\"1396\" data-end=\"1518\">La loi ne reconna\u00eet que certains h\u00e9ritiers. Le testament permet d\u2019inclure des personnes ou des causes ch\u00e8res au testateur.<\/p><h3 class=\"\" data-start=\"1520\" data-end=\"1565\"><strong>5. Pr\u00e9voir l\u2019avenir des enfants mineurs<\/strong><\/h3><p class=\"\" data-start=\"1566\" data-end=\"1702\">Le testateur peut d\u00e9signer un tuteur et organiser la gestion du patrimoine de ses enfants. Cela \u00e9vite que le tribunal d\u00e9cide \u00e0 sa place.<\/p><h3 class=\"\" data-start=\"1704\" data-end=\"1748\"><strong>6. Structurer au mieux la transmission<\/strong><\/h3><p class=\"\" data-start=\"1749\" data-end=\"1923\">M\u00eame sans imp\u00f4t sur les successions en Isra\u00ebl, des actifs \u00e0 l\u2019\u00e9tranger peuvent entra\u00eener des obligations fiscales. Un testament bien r\u00e9dig\u00e9 peut optimiser cette transmission.<\/p><h3 class=\"\" data-start=\"1925\" data-end=\"1967\"><strong>7. Nommer un ex\u00e9cuteur testamentaire<\/strong><\/h3><p class=\"\" data-start=\"1968\" data-end=\"2090\">Le testateur peut d\u00e9signer une personne de confiance (avocat, notaire, proche) pour veiller \u00e0 l\u2019ex\u00e9cution de ses volont\u00e9s.<\/p><h3 class=\"\" data-start=\"2092\" data-end=\"2134\"><strong>8. Garantir la validit\u00e9 du testament<\/strong><\/h3><p class=\"\" data-start=\"2135\" data-end=\"2297\">Plusieurs formats sont reconnus en Isra\u00ebl : manuscrit, oral (dans des cas rares), notari\u00e9 ou devant t\u00e9moins. Respecter ces r\u00e8gles \u00e9vite toute contestation future.<\/p><p class=\"\" data-start=\"2316\" data-end=\"2547\">Le testament est un acte essentiel pour organiser sa succession, prot\u00e9ger ses proches et garantir le respect de ses volont\u00e9s. Il est vivement conseill\u00e9 de le r\u00e9diger avec un avocat sp\u00e9cialis\u00e9 pour s\u2019assurer de sa conformit\u00e9 l\u00e9gale.<\/p>\t\t\t\t\t\t\t\t<\/div>\n\t\t\t\t<div class=\"elementor-element elementor-element-f702c72 elementor-mobile-align-left elementor-widget elementor-widget-button\" data-id=\"f702c72\" data-element_type=\"widget\" data-e-type=\"widget\" data-widget_type=\"button.default\">\n\t\t\t\t\t\t\t\t\t\t<a class=\"elementor-button elementor-button-link elementor-size-sm\" href=\"https:\/\/souhami-lawoffice.com\/he\/contact\/\">\n\t\t\t\t\t\t<span class=\"elementor-button-content-wrapper\">\n\t\t\t\t\t\t\t\t\t<span class=\"elementor-button-text\">\u05e6\u05e8\u05d5 \u05e7\u05e9\u05e8 \u05e2\u05dd \u05d4\u05de\u05d5\u05de\u05d7\u05d9\u05dd \u05e9\u05dc\u05e0\u05d5<\/span>\n\t\t\t\t\t<\/span>\n\t\t\t\t\t<\/a>\n\t\t\t\t\t\t\t\t<\/div>\n\t\t\t\t<\/div>\n\t\t\t\t<\/div>\n\t\t\t\t<\/div>\n\t\t\t\t\t<\/div>\n\t\t\t\t<\/div>\n\t\t\t\t<\/div>","protected":false},"excerpt":{"rendered":"<p>Organisez votre succession en toute s\u00e9r\u00e9nit\u00e9. Le testament vous permet de transmettre vos biens selon vos volont\u00e9s.<\/p>","protected":false},"author":1,"featured_media":0,"parent":0,"menu_order":0,"comment_status":"closed","ping_status":"closed","template":"","meta":{"_monsterinsights_skip_tracking":false,"_monsterinsights_sitenote_active":false,"_monsterinsights_sitenote_note":"","_monsterinsights_sitenote_category":0,"_joinchat":[],"footnotes":""},"class_list":["post-1030","page","type-page","status-publish","hentry"],"yoast_head":"<!-- This site is optimized with the Yoast SEO plugin v27.4 - https:\/\/yoast.com\/product\/yoast-seo-wordpress\/ -->\n<title>R\u00e9diger un testament : les avantages cl\u00e9s - Souhami&amp;Co\u00a0\u00a0|\u00a0\u00a0Avocats immobilier en Isra\u00ebl<\/title>\n<meta name=\"description\" content=\"Organisez votre succession en toute s\u00e9r\u00e9nit\u00e9. Le testament vous permet de transmettre vos biens selon vos volont\u00e9s.\" \/>\n<meta name=\"robots\" content=\"index, follow, max-snippet:-1, max-image-preview:large, max-video-preview:-1\" \/>\n<link rel=\"canonical\" href=\"https:\/\/souhami-lawoffice.com\/he\/rediger-un-testament-les-avantages-cles\/\" \/>\n<meta property=\"og:locale\" content=\"he_IL\" \/>\n<meta property=\"og:type\" content=\"article\" \/>\n<meta property=\"og:title\" content=\"R\u00e9diger un testament : les avantages cl\u00e9s - Souhami&amp;Co\u00a0\u00a0|\u00a0\u00a0Avocats immobilier en Isra\u00ebl\" \/>\n<meta property=\"og:description\" content=\"Organisez votre succession en toute s\u00e9r\u00e9nit\u00e9. Le testament vous permet de transmettre vos biens selon vos volont\u00e9s.\" \/>\n<meta property=\"og:url\" content=\"https:\/\/souhami-lawoffice.com\/he\/rediger-un-testament-les-avantages-cles\/\" \/>\n<meta property=\"og:site_name\" content=\"Souhami&amp;Co\u00a0\u00a0|\u00a0\u00a0Avocats immobilier en Isra\u00ebl\" \/>\n<meta property=\"article:publisher\" content=\"https:\/\/www.facebook.com\/profile.php?id=61571065836789\" \/>\n<meta property=\"article:modified_time\" content=\"2025-04-24T12:04:42+00:00\" \/>\n<meta name=\"twitter:card\" content=\"summary_large_image\" \/>\n<meta name=\"twitter:label1\" content=\"\u05d6\u05de\u05df \u05e7\u05e8\u05d9\u05d0\u05d4 \u05de\u05d5\u05e2\u05e8\u05da\" \/>\n\t<meta name=\"twitter:data1\" content=\"2 \u05d3\u05e7\u05d5\u05ea\" \/>\n<script type=\"application\/ld+json\" class=\"yoast-schema-graph\">{\"@context\":\"https:\\\/\\\/schema.org\",\"@graph\":[{\"@type\":\"WebPage\",\"@id\":\"https:\\\/\\\/souhami-lawoffice.com\\\/rediger-un-testament-les-avantages-cles\\\/\",\"url\":\"https:\\\/\\\/souhami-lawoffice.com\\\/rediger-un-testament-les-avantages-cles\\\/\",\"name\":\"R\u00e9diger un testament : les avantages cl\u00e9s - Souhami&amp;Co\u00a0\u00a0|\u00a0\u00a0Avocats immobilier en Isra\u00ebl\",\"isPartOf\":{\"@id\":\"https:\\\/\\\/souhami-lawoffice.com\\\/#website\"},\"datePublished\":\"2025-04-01T09:40:55+00:00\",\"dateModified\":\"2025-04-24T12:04:42+00:00\",\"description\":\"Organisez votre succession en toute s\u00e9r\u00e9nit\u00e9. Le testament vous permet de transmettre vos biens selon vos volont\u00e9s.\",\"breadcrumb\":{\"@id\":\"https:\\\/\\\/souhami-lawoffice.com\\\/rediger-un-testament-les-avantages-cles\\\/#breadcrumb\"},\"inLanguage\":\"he-IL\",\"potentialAction\":[{\"@type\":\"ReadAction\",\"target\":[\"https:\\\/\\\/souhami-lawoffice.com\\\/rediger-un-testament-les-avantages-cles\\\/\"]}]},{\"@type\":\"BreadcrumbList\",\"@id\":\"https:\\\/\\\/souhami-lawoffice.com\\\/rediger-un-testament-les-avantages-cles\\\/#breadcrumb\",\"itemListElement\":[{\"@type\":\"ListItem\",\"position\":1,\"name\":\"Accueil\",\"item\":\"https:\\\/\\\/souhami-lawoffice.com\\\/\"},{\"@type\":\"ListItem\",\"position\":2,\"name\":\"R\u00e9diger un testament : les avantages cl\u00e9s\"}]},{\"@type\":\"WebSite\",\"@id\":\"https:\\\/\\\/souhami-lawoffice.com\\\/#website\",\"url\":\"https:\\\/\\\/souhami-lawoffice.com\\\/\",\"name\":\"Avocats immobilier en Isra\u00ebl\",\"description\":\"Souhami&amp;Co\u00a0\u00a0|\u00a0\u00a0Avocats immobilier en Isra\u00ebl\",\"publisher\":{\"@id\":\"https:\\\/\\\/souhami-lawoffice.com\\\/#organization\"},\"potentialAction\":[{\"@type\":\"SearchAction\",\"target\":{\"@type\":\"EntryPoint\",\"urlTemplate\":\"https:\\\/\\\/souhami-lawoffice.com\\\/?s={search_term_string}\"},\"query-input\":{\"@type\":\"PropertyValueSpecification\",\"valueRequired\":true,\"valueName\":\"search_term_string\"}}],\"inLanguage\":\"he-IL\"},{\"@type\":\"Organization\",\"@id\":\"https:\\\/\\\/souhami-lawoffice.com\\\/#organization\",\"name\":\"Avocats immobilier en Isra\u00ebl\",\"url\":\"https:\\\/\\\/souhami-lawoffice.com\\\/\",\"logo\":{\"@type\":\"ImageObject\",\"inLanguage\":\"he-IL\",\"@id\":\"https:\\\/\\\/souhami-lawoffice.com\\\/#\\\/schema\\\/logo\\\/image\\\/\",\"url\":\"https:\\\/\\\/souhami-lawoffice.com\\\/wp-content\\\/uploads\\\/2024\\\/12\\\/Fichier-20.svg\",\"contentUrl\":\"https:\\\/\\\/souhami-lawoffice.com\\\/wp-content\\\/uploads\\\/2024\\\/12\\\/Fichier-20.svg\",\"width\":381,\"height\":78,\"caption\":\"Avocats immobilier en Isra\u00ebl\"},\"image\":{\"@id\":\"https:\\\/\\\/souhami-lawoffice.com\\\/#\\\/schema\\\/logo\\\/image\\\/\"},\"sameAs\":[\"https:\\\/\\\/www.facebook.com\\\/profile.php?id=61571065836789\",\"https:\\\/\\\/www.linkedin.com\\\/in\\\/benjamin-souhami-b25a1098\\\/\",\"https:\\\/\\\/www.instagram.com\\\/souhamiavocats\\\/\"]}]}<\/script>\n<!-- \/ Yoast SEO plugin. -->","yoast_head_json":{"title":"R\u00e9diger un testament : les avantages cl\u00e9s - Souhami&amp;Co\u00a0\u00a0|\u00a0\u00a0Avocats immobilier en Isra\u00ebl","description":"Organisez votre succession en toute s\u00e9r\u00e9nit\u00e9. Le testament vous permet de transmettre vos biens selon vos volont\u00e9s.","robots":{"index":"index","follow":"follow","max-snippet":"max-snippet:-1","max-image-preview":"max-image-preview:large","max-video-preview":"max-video-preview:-1"},"canonical":"https:\/\/souhami-lawoffice.com\/he\/rediger-un-testament-les-avantages-cles\/","og_locale":"he_IL","og_type":"article","og_title":"R\u00e9diger un testament : les avantages cl\u00e9s - Souhami&amp;Co\u00a0\u00a0|\u00a0\u00a0Avocats immobilier en Isra\u00ebl","og_description":"Organisez votre succession en toute s\u00e9r\u00e9nit\u00e9. Le testament vous permet de transmettre vos biens selon vos volont\u00e9s.","og_url":"https:\/\/souhami-lawoffice.com\/he\/rediger-un-testament-les-avantages-cles\/","og_site_name":"Souhami&amp;Co\u00a0\u00a0|\u00a0\u00a0Avocats immobilier en Isra\u00ebl","article_publisher":"https:\/\/www.facebook.com\/profile.php?id=61571065836789","article_modified_time":"2025-04-24T12:04:42+00:00","twitter_card":"summary_large_image","twitter_misc":{"\u05d6\u05de\u05df \u05e7\u05e8\u05d9\u05d0\u05d4 \u05de\u05d5\u05e2\u05e8\u05da":"2 \u05d3\u05e7\u05d5\u05ea"},"schema":{"@context":"https:\/\/schema.org","@graph":[{"@type":"WebPage","@id":"https:\/\/souhami-lawoffice.com\/rediger-un-testament-les-avantages-cles\/","url":"https:\/\/souhami-lawoffice.com\/rediger-un-testament-les-avantages-cles\/","name":"R\u00e9diger un testament : les avantages cl\u00e9s - Souhami&amp;Co\u00a0\u00a0|\u00a0\u00a0Avocats immobilier en Isra\u00ebl","isPartOf":{"@id":"https:\/\/souhami-lawoffice.com\/#website"},"datePublished":"2025-04-01T09:40:55+00:00","dateModified":"2025-04-24T12:04:42+00:00","description":"Organisez votre succession en toute s\u00e9r\u00e9nit\u00e9. Le testament vous permet de transmettre vos biens selon vos volont\u00e9s.","breadcrumb":{"@id":"https:\/\/souhami-lawoffice.com\/rediger-un-testament-les-avantages-cles\/#breadcrumb"},"inLanguage":"he-IL","potentialAction":[{"@type":"ReadAction","target":["https:\/\/souhami-lawoffice.com\/rediger-un-testament-les-avantages-cles\/"]}]},{"@type":"BreadcrumbList","@id":"https:\/\/souhami-lawoffice.com\/rediger-un-testament-les-avantages-cles\/#breadcrumb","itemListElement":[{"@type":"ListItem","position":1,"name":"Accueil","item":"https:\/\/souhami-lawoffice.com\/"},{"@type":"ListItem","position":2,"name":"R\u00e9diger un testament : les avantages cl\u00e9s"}]},{"@type":"WebSite","@id":"https:\/\/souhami-lawoffice.com\/#website","url":"https:\/\/souhami-lawoffice.com\/","name":"Avocats immobilier en Isra\u00ebl","description":"Souhami&amp;Co\u00a0\u00a0|\u00a0\u00a0Avocats immobilier en Isra\u00ebl","publisher":{"@id":"https:\/\/souhami-lawoffice.com\/#organization"},"potentialAction":[{"@type":"SearchAction","target":{"@type":"EntryPoint","urlTemplate":"https:\/\/souhami-lawoffice.com\/?s={search_term_string}"},"query-input":{"@type":"PropertyValueSpecification","valueRequired":true,"valueName":"search_term_string"}}],"inLanguage":"he-IL"},{"@type":"Organization","@id":"https:\/\/souhami-lawoffice.com\/#organization","name":"Avocats immobilier en Isra\u00ebl","url":"https:\/\/souhami-lawoffice.com\/","logo":{"@type":"ImageObject","inLanguage":"he-IL","@id":"https:\/\/souhami-lawoffice.com\/#\/schema\/logo\/image\/","url":"https:\/\/souhami-lawoffice.com\/wp-content\/uploads\/2024\/12\/Fichier-20.svg","contentUrl":"https:\/\/souhami-lawoffice.com\/wp-content\/uploads\/2024\/12\/Fichier-20.svg","width":381,"height":78,"caption":"Avocats immobilier en Isra\u00ebl"},"image":{"@id":"https:\/\/souhami-lawoffice.com\/#\/schema\/logo\/image\/"},"sameAs":["https:\/\/www.facebook.com\/profile.php?id=61571065836789","https:\/\/www.linkedin.com\/in\/benjamin-souhami-b25a1098\/","https:\/\/www.instagram.com\/souhamiavocats\/"]}]}},"_links":{"self":[{"href":"https:\/\/souhami-lawoffice.com\/he\/wp-json\/wp\/v2\/pages\/1030","targetHints":{"allow":["GET"]}}],"collection":[{"href":"https:\/\/souhami-lawoffice.com\/he\/wp-json\/wp\/v2\/pages"}],"about":[{"href":"https:\/\/souhami-lawoffice.com\/he\/wp-json\/wp\/v2\/types\/page"}],"author":[{"embeddable":true,"href":"https:\/\/souhami-lawoffice.com\/he\/wp-json\/wp\/v2\/users\/1"}],"replies":[{"embeddable":true,"href":"https:\/\/souhami-lawoffice.com\/he\/wp-json\/wp\/v2\/comments?post=1030"}],"version-history":[{"count":7,"href":"https:\/\/souhami-lawoffice.com\/he\/wp-json\/wp\/v2\/pages\/1030\/revisions"}],"predecessor-version":[{"id":1080,"href":"https:\/\/souhami-lawoffice.com\/he\/wp-json\/wp\/v2\/pages\/1030\/revisions\/1080"}],"wp:attachment":[{"href":"https:\/\/souhami-lawoffice.com\/he\/wp-json\/wp\/v2\/media?parent=1030"}],"curies":[{"name":"wp","href":"https:\/\/api.w.org\/{rel}","templated":true}]}}