{"id":553,"date":"2024-12-12T13:19:46","date_gmt":"2024-12-12T13:19:46","guid":{"rendered":"https:\/\/souhami-lawoffice.com\/?page_id=553"},"modified":"2025-04-24T11:58:57","modified_gmt":"2025-04-24T11:58:57","slug":"protection-du-patrimoine","status":"publish","type":"page","link":"https:\/\/souhami-lawoffice.com\/he\/protection-du-patrimoine\/","title":{"rendered":"Protection du patrimoine"},"content":{"rendered":"<div data-elementor-type=\"wp-page\" data-elementor-id=\"553\" class=\"elementor elementor-553\" data-elementor-post-type=\"page\">\n\t\t\t\t<div class=\"elementor-element elementor-element-fb8a539 e-flex e-con-boxed e-con e-parent\" data-id=\"fb8a539\" data-element_type=\"container\" data-e-type=\"container\" data-settings=\"{&quot;background_background&quot;:&quot;classic&quot;}\">\n\t\t\t\t\t<div class=\"e-con-inner\">\n\t\t<div class=\"elementor-element elementor-element-b9a5c1a e-flex e-con-boxed e-con e-child\" data-id=\"b9a5c1a\" data-element_type=\"container\" data-e-type=\"container\">\n\t\t\t\t\t<div class=\"e-con-inner\">\n\t\t\t\t<div class=\"elementor-element elementor-element-f9f4ad7 elementor-widget elementor-widget-heading\" data-id=\"f9f4ad7\" data-element_type=\"widget\" data-e-type=\"widget\" data-widget_type=\"heading.default\">\n\t\t\t\t\t<h1 class=\"elementor-heading-title elementor-size-default\">Protection du patrimoine<\/h1>\t\t\t\t<\/div>\n\t\t\t\t\t<\/div>\n\t\t\t\t<\/div>\n\t\t\t\t\t<\/div>\n\t\t\t\t<\/div>\n\t\t<div class=\"elementor-element elementor-element-cd0a68f e-flex e-con-boxed e-con e-parent\" data-id=\"cd0a68f\" data-element_type=\"container\" data-e-type=\"container\">\n\t\t\t\t\t<div class=\"e-con-inner\">\n\t\t<div class=\"elementor-element elementor-element-d82200b e-con-full e-flex e-con e-child\" data-id=\"d82200b\" data-element_type=\"container\" data-e-type=\"container\">\n\t\t<div class=\"elementor-element elementor-element-90cded0 e-con-full e-flex e-con e-child\" data-id=\"90cded0\" data-element_type=\"container\" data-e-type=\"container\">\n\t\t<div class=\"elementor-element elementor-element-a76e77d e-con-full e-flex e-con e-child\" data-id=\"a76e77d\" data-element_type=\"container\" data-e-type=\"container\">\n\t\t\t\t<div class=\"elementor-element elementor-element-655262d elementor-widget elementor-widget-text-editor\" data-id=\"655262d\" data-element_type=\"widget\" data-e-type=\"widget\" data-widget_type=\"text-editor.default\">\n\t\t\t\t\t\t\t\t\t<h2><strong>\u05d7\u05d5\u05d6\u05d4 \u05e0\u05d9\u05e9\u05d5\u05d0\u05d9\u05df<\/strong><\/h2><p><span style=\"font-weight: 400;\">\u05d1\u05d9\u05e9\u05e8\u05d0\u05dc, \u05d1\u05e8\u05d9\u05e8\u05ea \u05d4\u05de\u05d7\u05d3\u05dc \u05d1\u05d7\u05dc\u05d5\u05e7\u05ea \u05e8\u05db\u05d5\u05e9 \u05d1\u05d9\u05df \u05d1\u05e0\u05d9 \u05d6\u05d5\u05d2 \u05d4\u05d9\u05d0 \u05d7\u05d5\u05e7 \u05d9\u05d7\u05e1\u05d9 \u05de\u05de\u05d5\u05df, \u05e9\u05de\u05e9\u05de\u05e2\u05d5\u05ea\u05d5 \u05d4\u05d9\u05d0 \u05e9\u05d4\u05e8\u05db\u05d5\u05e9 \u05e9\u05e0\u05e6\u05d1\u05e8 \u05d1\u05de\u05d4\u05dc\u05da \u05d4\u05e0\u05d9\u05e9\u05d5\u05d0\u05d9\u05df \u05de\u05ea\u05d7\u05dc\u05e7 \u05d1\u05d0\u05d5\u05e4\u05df \u05e9\u05d5\u05d5\u05d4 \u05d1\u05de\u05e7\u05e8\u05d4 \u05e9\u05dc \u05d2\u05d9\u05e8\u05d5\u05e9\u05d9\u05df \u05d0\u05d5 \u05e4\u05d8\u05d9\u05e8\u05d4, \u05d0\u05dc\u05d0 \u05d0\u05dd \u05e0\u05e7\u05d1\u05e2 \u05d0\u05d7\u05e8\u05ea. \u05db\u05d3\u05d9 \u05dc\u05d4\u05e1\u05d3\u05d9\u05e8 \u05de\u05e8\u05d0\u05e9 \u05d0\u05ea \u05d7\u05dc\u05d5\u05e7\u05ea \u05d4\u05e0\u05db\u05e1\u05d9\u05dd \u05d5\u05dc\u05de\u05e0\u05d5\u05e2 \u05de\u05d7\u05dc\u05d5\u05e7\u05d5\u05ea \u05e2\u05ea\u05d9\u05d3\u05d9\u05d5\u05ea, \u05de\u05d5\u05de\u05dc\u05e5 \u05dc\u05e2\u05e8\u05d5\u05da \u05d4\u05e1\u05db\u05dd \u05de\u05de\u05d5\u05df.<\/span><\/p><p><span style=\"font-weight: 400;\">\u05d4\u05e1\u05db\u05dd \u05d6\u05d4 \u05d7\u05d9\u05d9\u05d1 \u05d1\u05d0\u05d9\u05e9\u05d5\u05e8 \u05d1\u05d9\u05ea \u05de\u05e9\u05e4\u05d8 \u05d0\u05d5 \u05e0\u05d5\u05d8\u05e8\u05d9\u05d5\u05df \u05d5\u05d4\u05d5\u05d0 \u05de\u05d0\u05e4\u05e9\u05e8 \u05dc\u05d1\u05e0\u05d9 \u05d4\u05d6\u05d5\u05d2 \u05dc\u05e7\u05d1\u05d5\u05e2 \u05d1\u05e2\u05e6\u05de\u05dd \u05db\u05d9\u05e6\u05d3 \u05d9\u05e0\u05d5\u05d4\u05dc\u05d5 \u05d5\u05d9\u05d7\u05d5\u05dc\u05e7\u05d5 \u05e0\u05db\u05e1\u05d9\u05d4\u05dd. \u05d6\u05d4\u05d5 \u05db\u05dc\u05d9 \u05d7\u05d9\u05d5\u05e0\u05d9 \u05dc\u05d9\u05e6\u05d9\u05e8\u05ea \u05d1\u05d4\u05d9\u05e8\u05d5\u05ea \u05db\u05dc\u05db\u05dc\u05d9\u05ea \u05d5\u05dc\u05d4\u05d2\u05e0\u05d4 \u05e2\u05dc \u05d4\u05d0\u05d9\u05e0\u05d8\u05e8\u05e1\u05d9\u05dd \u05e9\u05dc \u05e9\u05e0\u05d9 \u05d4\u05e6\u05d3\u05d3\u05d9\u05dd.<\/span><\/p>\t\t\t\t\t\t\t\t<\/div>\n\t\t\t\t<\/div>\n\t\t\t\t<\/div>\n\t\t\t\t<\/div>\n\t\t<div class=\"elementor-element elementor-element-c68a3c1 e-con-full e-flex e-con e-child\" data-id=\"c68a3c1\" data-element_type=\"container\" data-e-type=\"container\" data-settings=\"{&quot;background_background&quot;:&quot;classic&quot;}\">\n\t\t\t\t<div class=\"elementor-element elementor-element-52f265e elementor-widget elementor-widget-spacer\" data-id=\"52f265e\" data-element_type=\"widget\" data-e-type=\"widget\" data-widget_type=\"spacer.default\">\n\t\t\t\t\t\t\t<div class=\"elementor-spacer\">\n\t\t\t<div class=\"elementor-spacer-inner\"><\/div>\n\t\t<\/div>\n\t\t\t\t\t\t<\/div>\n\t\t\t\t<\/div>\n\t\t\t\t\t<\/div>\n\t\t\t\t<\/div>\n\t\t<div class=\"elementor-element elementor-element-1003f22 e-flex e-con-boxed e-con e-parent\" data-id=\"1003f22\" data-element_type=\"container\" data-e-type=\"container\">\n\t\t\t\t\t<div class=\"e-con-inner\">\n\t\t<div class=\"elementor-element elementor-element-ee785b5 e-con-full e-flex e-con e-child\" data-id=\"ee785b5\" data-element_type=\"container\" data-e-type=\"container\" data-settings=\"{&quot;background_background&quot;:&quot;classic&quot;}\">\n\t\t\t\t<div class=\"elementor-element elementor-element-75a51d1 elementor-widget elementor-widget-spacer\" data-id=\"75a51d1\" data-element_type=\"widget\" data-e-type=\"widget\" data-widget_type=\"spacer.default\">\n\t\t\t\t\t\t\t<div class=\"elementor-spacer\">\n\t\t\t<div class=\"elementor-spacer-inner\"><\/div>\n\t\t<\/div>\n\t\t\t\t\t\t<\/div>\n\t\t\t\t<\/div>\n\t\t<div class=\"elementor-element elementor-element-4c5e4ba e-con-full e-flex e-con e-child\" data-id=\"4c5e4ba\" data-element_type=\"container\" data-e-type=\"container\">\n\t\t<div class=\"elementor-element elementor-element-d03bddd e-con-full e-flex e-con e-child\" data-id=\"d03bddd\" data-element_type=\"container\" data-e-type=\"container\">\n\t\t<div class=\"elementor-element elementor-element-ff682ac e-con-full e-flex e-con e-child\" data-id=\"ff682ac\" data-element_type=\"container\" data-e-type=\"container\">\n\t\t\t\t<div class=\"elementor-element elementor-element-2801200 elementor-widget elementor-widget-text-editor\" data-id=\"2801200\" data-element_type=\"widget\" data-e-type=\"widget\" data-widget_type=\"text-editor.default\">\n\t\t\t\t\t\t\t\t\t<h2><strong>Les Avantages de la Procuration Pr\u00e9ventive<\/strong><\/h2><p class=\"\" data-start=\"160\" data-end=\"566\">Une procuration pr\u00e9ventive (ou pouvoir durable) est un document juridique qui permet \u00e0 toute personne majeure de d\u00e9signer \u00e0 l\u2019avance une ou plusieurs personnes de confiance pour g\u00e9rer ses affaires personnelles, m\u00e9dicales ou financi\u00e8res en cas de perte de capacit\u00e9. Elle \u00e9vite les proc\u00e9dures longues de mise sous tutelle et garantit que vos volont\u00e9s seront respect\u00e9es.<\/p><p class=\"\" data-start=\"160\" data-end=\"566\">Gr\u00e2ce \u00e0 cette d\u00e9marche, vous gardez le contr\u00f4le sur vos choix, prot\u00e9gez votre intimit\u00e9, et facilitez la vie de vos proches en cas d\u2019impr\u00e9vu. C\u2019est une d\u00e9cision responsable, \u00e0 pr\u00e9parer avec un avocat sp\u00e9cialis\u00e9 pour qu\u2019elle soit pleinement valable et adapt\u00e9e \u00e0 votre situation.<\/p>\t\t\t\t\t\t\t\t<\/div>\n\t\t\t\t<div class=\"elementor-element elementor-element-90071cf elementor-mobile-align-left elementor-widget elementor-widget-button\" data-id=\"90071cf\" data-element_type=\"widget\" data-e-type=\"widget\" data-widget_type=\"button.default\">\n\t\t\t\t\t\t\t\t\t\t<a class=\"elementor-button elementor-button-link elementor-size-sm\" href=\"https:\/\/souhami-lawoffice.com\/he\/les-avantages-de-la-redaction-dune-procuration-preventive\/\">\n\t\t\t\t\t\t<span class=\"elementor-button-content-wrapper\">\n\t\t\t\t\t\t\t\t\t<span class=\"elementor-button-text\">Comprendre la procuration<\/span>\n\t\t\t\t\t<\/span>\n\t\t\t\t\t<\/a>\n\t\t\t\t\t\t\t\t<\/div>\n\t\t\t\t<\/div>\n\t\t\t\t<\/div>\n\t\t\t\t<\/div>\n\t\t\t\t\t<\/div>\n\t\t\t\t<\/div>\n\t\t<div class=\"elementor-element elementor-element-c614c25 e-flex e-con-boxed e-con e-parent\" data-id=\"c614c25\" data-element_type=\"container\" data-e-type=\"container\">\n\t\t\t\t\t<div class=\"e-con-inner\">\n\t\t<div class=\"elementor-element elementor-element-9a9e960 e-con-full e-flex e-con e-child\" data-id=\"9a9e960\" data-element_type=\"container\" data-e-type=\"container\">\n\t\t<div class=\"elementor-element elementor-element-0292a2b e-con-full e-flex e-con e-child\" data-id=\"0292a2b\" data-element_type=\"container\" data-e-type=\"container\">\n\t\t<div class=\"elementor-element elementor-element-aa69e46 e-con-full e-flex e-con e-child\" data-id=\"aa69e46\" data-element_type=\"container\" data-e-type=\"container\">\n\t\t\t\t<div class=\"elementor-element elementor-element-7b5f09a elementor-widget elementor-widget-text-editor\" data-id=\"7b5f09a\" data-element_type=\"widget\" data-e-type=\"widget\" data-widget_type=\"text-editor.default\">\n\t\t\t\t\t\t\t\t\t<h2><strong>Testament en Isra\u00ebl<\/strong><\/h2><p class=\"\" data-start=\"461\" data-end=\"732\">R\u00e9diger un testament en Isra\u00ebl vous permet de d\u00e9cider librement de la r\u00e9partition de vos biens, au lieu de laisser la loi s\u2019en charger. C\u2019est la meilleure fa\u00e7on de prot\u00e9ger vos proches, d\u2019\u00e9viter les conflits et de respecter vos volont\u00e9s.<\/p><p class=\"\" data-start=\"734\" data-end=\"1008\">Que vous souhaitiez favoriser votre conjoint, d\u00e9signer un tuteur pour vos enfants, ou transmettre \u00e0 des proches ou associations, le testament est un outil essentiel. Il renforce votre libert\u00e9 et s\u00e9curise l\u2019avenir de ceux qui comptent pour vous.<\/p>\t\t\t\t\t\t\t\t<\/div>\n\t\t\t\t<div class=\"elementor-element elementor-element-72ca5f5 elementor-mobile-align-left elementor-widget elementor-widget-button\" data-id=\"72ca5f5\" data-element_type=\"widget\" data-e-type=\"widget\" data-widget_type=\"button.default\">\n\t\t\t\t\t\t\t\t\t\t<a class=\"elementor-button elementor-button-link elementor-size-sm\" href=\"https:\/\/souhami-lawoffice.com\/he\/rediger-un-testament-les-avantages-cles\/\">\n\t\t\t\t\t\t<span class=\"elementor-button-content-wrapper\">\n\t\t\t\t\t\t\t\t\t<span class=\"elementor-button-text\">Comprendre le testament<\/span>\n\t\t\t\t\t<\/span>\n\t\t\t\t\t<\/a>\n\t\t\t\t\t\t\t\t<\/div>\n\t\t\t\t<\/div>\n\t\t\t\t<\/div>\n\t\t\t\t<\/div>\n\t\t<div class=\"elementor-element elementor-element-17fef97 e-con-full e-flex e-con e-child\" data-id=\"17fef97\" data-element_type=\"container\" data-e-type=\"container\" data-settings=\"{&quot;background_background&quot;:&quot;classic&quot;}\">\n\t\t\t\t<div class=\"elementor-element elementor-element-4dc01d1 elementor-widget elementor-widget-spacer\" data-id=\"4dc01d1\" data-element_type=\"widget\" data-e-type=\"widget\" data-widget_type=\"spacer.default\">\n\t\t\t\t\t\t\t<div class=\"elementor-spacer\">\n\t\t\t<div class=\"elementor-spacer-inner\"><\/div>\n\t\t<\/div>\n\t\t\t\t\t\t<\/div>\n\t\t\t\t<\/div>\n\t\t\t\t\t<\/div>\n\t\t\t\t<\/div>\n\t\t<div class=\"elementor-element elementor-element-04b2487 e-flex e-con-boxed e-con e-parent\" data-id=\"04b2487\" data-element_type=\"container\" data-e-type=\"container\" data-settings=\"{&quot;background_background&quot;:&quot;classic&quot;}\">\n\t\t\t\t\t<div class=\"e-con-inner\">\n\t\t<div class=\"elementor-element elementor-element-62f7882 e-con-full e-flex e-con e-child\" data-id=\"62f7882\" data-element_type=\"container\" data-e-type=\"container\" data-settings=\"{&quot;background_background&quot;:&quot;classic&quot;}\">\n\t\t\t\t<div class=\"elementor-element elementor-element-1a292af elementor-widget__width-initial elementor-widget elementor-widget-text-editor\" data-id=\"1a292af\" data-element_type=\"widget\" data-e-type=\"widget\" data-widget_type=\"text-editor.default\">\n\t\t\t\t\t\t\t\t\t<h2><strong>\u05e9\u05d0\u05dc\u05d4 \u05de\u05e9\u05e4\u05d8\u05d9\u05ea?<\/strong><\/h2><p>\u05d4\u05de\u05d5\u05de\u05d7\u05d9\u05dd \u05e9\u05dc\u05e0\u05d5 \u05d6\u05de\u05d9\u05e0\u05d9\u05dd \u05dc\u05e2\u05e0\u05d5\u05ea \u05e2\u05dc \u05e9\u05d0\u05dc\u05d5\u05ea\u05d9\u05db\u05dd. \u05e6\u05e8\u05d5 \u05e7\u05e9\u05e8 \u05e2\u05db\u05e9\u05d9\u05d5 \u05dc\u05dc\u05d9\u05d5\u05d5\u05d9 \u05de\u05e9\u05e4\u05d8\u05d9 \u05de\u05d5\u05ea\u05d0\u05dd \u05d0\u05d9\u05e9\u05d9\u05ea. \u05d0\u05e0\u05d5 \u05e0\u05e9\u05d9\u05d1 \u05dc\u05db\u05dd \u05ea\u05d5\u05da 24 \u05e9\u05e2\u05d5\u05ea, \u05d1\u05de\u05d4\u05dc\u05da \u05e9\u05e2\u05d5\u05ea \u05d4\u05e4\u05e2\u05d9\u05dc\u05d5\u05ea \u05e9\u05dc\u05e0\u05d5.<\/p>\t\t\t\t\t\t\t\t<\/div>\n\t\t\t\t<div class=\"elementor-element elementor-element-dc08c74 elementor-mobile-align-left elementor-widget elementor-widget-button\" data-id=\"dc08c74\" data-element_type=\"widget\" data-e-type=\"widget\" data-widget_type=\"button.default\">\n\t\t\t\t\t\t\t\t\t\t<a class=\"elementor-button elementor-button-link elementor-size-sm\" href=\"https:\/\/souhami-lawoffice.com\/he\/contact\/\">\n\t\t\t\t\t\t<span class=\"elementor-button-content-wrapper\">\n\t\t\t\t\t\t\t\t\t<span class=\"elementor-button-text\">\u05e6\u05e8\u05d5 \u05e7\u05e9\u05e8 \u05d0\u05d9\u05ea\u05e0\u05d5<\/span>\n\t\t\t\t\t<\/span>\n\t\t\t\t\t<\/a>\n\t\t\t\t\t\t\t\t<\/div>\n\t\t\t\t<\/div>\n\t\t\t\t\t<\/div>\n\t\t\t\t<\/div>\n\t\t\t\t<\/div>","protected":false},"excerpt":{"rendered":"<p>Protection du patrimoine : m\u00e9diation, successions, testaments, contrats de mariage. Expertise et accompagnement humain.<\/p>","protected":false},"author":1,"featured_media":555,"parent":0,"menu_order":0,"comment_status":"closed","ping_status":"closed","template":"","meta":{"_monsterinsights_skip_tracking":false,"_monsterinsights_sitenote_active":false,"_monsterinsights_sitenote_note":"","_monsterinsights_sitenote_category":0,"_joinchat":[],"footnotes":""},"class_list":["post-553","page","type-page","status-publish","has-post-thumbnail","hentry"],"yoast_head":"<!-- This site is optimized with the Yoast SEO plugin v27.4 - https:\/\/yoast.com\/product\/yoast-seo-wordpress\/ -->\n<title>Protection du patrimoine - Souhami&amp;Co\u00a0\u00a0|\u00a0\u00a0Avocats immobilier en Isra\u00ebl<\/title>\n<meta name=\"description\" content=\"Droit de la famille : m\u00e9diation, successions, testaments, contrats de mariage. Expertise et accompagnement humain.\" \/>\n<meta name=\"robots\" content=\"index, follow, max-snippet:-1, max-image-preview:large, max-video-preview:-1\" \/>\n<link rel=\"canonical\" href=\"https:\/\/souhami-lawoffice.com\/he\/protection-du-patrimoine\/\" \/>\n<meta property=\"og:locale\" content=\"he_IL\" \/>\n<meta property=\"og:type\" content=\"article\" \/>\n<meta property=\"og:title\" content=\"Protection du patrimoine - Souhami&amp;Co\u00a0\u00a0|\u00a0\u00a0Avocats immobilier en Isra\u00ebl\" \/>\n<meta property=\"og:description\" content=\"Droit de la famille : m\u00e9diation, successions, testaments, contrats de mariage. Expertise et accompagnement humain.\" \/>\n<meta property=\"og:url\" content=\"https:\/\/souhami-lawoffice.com\/he\/protection-du-patrimoine\/\" \/>\n<meta property=\"og:site_name\" content=\"Souhami&amp;Co\u00a0\u00a0|\u00a0\u00a0Avocats immobilier en Isra\u00ebl\" \/>\n<meta property=\"article:publisher\" content=\"https:\/\/www.facebook.com\/profile.php?id=61571065836789\" \/>\n<meta property=\"article:modified_time\" content=\"2025-04-24T11:58:57+00:00\" \/>\n<meta property=\"og:image\" content=\"https:\/\/souhami-lawoffice.com\/wp-content\/uploads\/2024\/12\/Souhami-Avocat-droit-de-la-famille.jpeg\" \/>\n\t<meta property=\"og:image:width\" content=\"1344\" \/>\n\t<meta property=\"og:image:height\" content=\"768\" \/>\n\t<meta property=\"og:image:type\" content=\"image\/jpeg\" \/>\n<meta name=\"twitter:card\" content=\"summary_large_image\" \/>\n<meta name=\"twitter:label1\" content=\"\u05d6\u05de\u05df \u05e7\u05e8\u05d9\u05d0\u05d4 \u05de\u05d5\u05e2\u05e8\u05da\" \/>\n\t<meta name=\"twitter:data1\" content=\"2 \u05d3\u05e7\u05d5\u05ea\" \/>\n<script type=\"application\/ld+json\" class=\"yoast-schema-graph\">{\"@context\":\"https:\\\/\\\/schema.org\",\"@graph\":[{\"@type\":\"WebPage\",\"@id\":\"https:\\\/\\\/souhami-lawoffice.com\\\/protection-du-patrimoine\\\/\",\"url\":\"https:\\\/\\\/souhami-lawoffice.com\\\/protection-du-patrimoine\\\/\",\"name\":\"Protection du patrimoine - Souhami&amp;Co\u00a0\u00a0|\u00a0\u00a0Avocats immobilier en Isra\u00ebl\",\"isPartOf\":{\"@id\":\"https:\\\/\\\/souhami-lawoffice.com\\\/#website\"},\"primaryImageOfPage\":{\"@id\":\"https:\\\/\\\/souhami-lawoffice.com\\\/protection-du-patrimoine\\\/#primaryimage\"},\"image\":{\"@id\":\"https:\\\/\\\/souhami-lawoffice.com\\\/protection-du-patrimoine\\\/#primaryimage\"},\"thumbnailUrl\":\"https:\\\/\\\/souhami-lawoffice.com\\\/wp-content\\\/uploads\\\/2024\\\/12\\\/Souhami-Avocat-droit-de-la-famille.jpeg\",\"datePublished\":\"2024-12-12T13:19:46+00:00\",\"dateModified\":\"2025-04-24T11:58:57+00:00\",\"description\":\"Droit de la famille : m\u00e9diation, successions, testaments, contrats de mariage. Expertise et accompagnement humain.\",\"breadcrumb\":{\"@id\":\"https:\\\/\\\/souhami-lawoffice.com\\\/protection-du-patrimoine\\\/#breadcrumb\"},\"inLanguage\":\"he-IL\",\"potentialAction\":[{\"@type\":\"ReadAction\",\"target\":[\"https:\\\/\\\/souhami-lawoffice.com\\\/protection-du-patrimoine\\\/\"]}]},{\"@type\":\"ImageObject\",\"inLanguage\":\"he-IL\",\"@id\":\"https:\\\/\\\/souhami-lawoffice.com\\\/protection-du-patrimoine\\\/#primaryimage\",\"url\":\"https:\\\/\\\/souhami-lawoffice.com\\\/wp-content\\\/uploads\\\/2024\\\/12\\\/Souhami-Avocat-droit-de-la-famille.jpeg\",\"contentUrl\":\"https:\\\/\\\/souhami-lawoffice.com\\\/wp-content\\\/uploads\\\/2024\\\/12\\\/Souhami-Avocat-droit-de-la-famille.jpeg\",\"width\":1344,\"height\":768},{\"@type\":\"BreadcrumbList\",\"@id\":\"https:\\\/\\\/souhami-lawoffice.com\\\/protection-du-patrimoine\\\/#breadcrumb\",\"itemListElement\":[{\"@type\":\"ListItem\",\"position\":1,\"name\":\"Accueil\",\"item\":\"https:\\\/\\\/souhami-lawoffice.com\\\/\"},{\"@type\":\"ListItem\",\"position\":2,\"name\":\"Protection du patrimoine\"}]},{\"@type\":\"WebSite\",\"@id\":\"https:\\\/\\\/souhami-lawoffice.com\\\/#website\",\"url\":\"https:\\\/\\\/souhami-lawoffice.com\\\/\",\"name\":\"Avocats immobilier en Isra\u00ebl\",\"description\":\"Souhami&amp;Co\u00a0\u00a0|\u00a0\u00a0Avocats immobilier en Isra\u00ebl\",\"publisher\":{\"@id\":\"https:\\\/\\\/souhami-lawoffice.com\\\/#organization\"},\"potentialAction\":[{\"@type\":\"SearchAction\",\"target\":{\"@type\":\"EntryPoint\",\"urlTemplate\":\"https:\\\/\\\/souhami-lawoffice.com\\\/?s={search_term_string}\"},\"query-input\":{\"@type\":\"PropertyValueSpecification\",\"valueRequired\":true,\"valueName\":\"search_term_string\"}}],\"inLanguage\":\"he-IL\"},{\"@type\":\"Organization\",\"@id\":\"https:\\\/\\\/souhami-lawoffice.com\\\/#organization\",\"name\":\"Avocats immobilier en Isra\u00ebl\",\"url\":\"https:\\\/\\\/souhami-lawoffice.com\\\/\",\"logo\":{\"@type\":\"ImageObject\",\"inLanguage\":\"he-IL\",\"@id\":\"https:\\\/\\\/souhami-lawoffice.com\\\/#\\\/schema\\\/logo\\\/image\\\/\",\"url\":\"https:\\\/\\\/souhami-lawoffice.com\\\/wp-content\\\/uploads\\\/2024\\\/12\\\/Fichier-20.svg\",\"contentUrl\":\"https:\\\/\\\/souhami-lawoffice.com\\\/wp-content\\\/uploads\\\/2024\\\/12\\\/Fichier-20.svg\",\"width\":381,\"height\":78,\"caption\":\"Avocats immobilier en Isra\u00ebl\"},\"image\":{\"@id\":\"https:\\\/\\\/souhami-lawoffice.com\\\/#\\\/schema\\\/logo\\\/image\\\/\"},\"sameAs\":[\"https:\\\/\\\/www.facebook.com\\\/profile.php?id=61571065836789\",\"https:\\\/\\\/www.linkedin.com\\\/in\\\/benjamin-souhami-b25a1098\\\/\",\"https:\\\/\\\/www.instagram.com\\\/souhamiavocats\\\/\"]}]}<\/script>\n<!-- \/ Yoast SEO plugin. -->","yoast_head_json":{"title":"Protection du patrimoine - Souhami&amp;Co\u00a0\u00a0|\u00a0\u00a0Avocats immobilier en Isra\u00ebl","description":"Droit de la famille : m\u00e9diation, successions, testaments, contrats de mariage. Expertise et accompagnement humain.","robots":{"index":"index","follow":"follow","max-snippet":"max-snippet:-1","max-image-preview":"max-image-preview:large","max-video-preview":"max-video-preview:-1"},"canonical":"https:\/\/souhami-lawoffice.com\/he\/protection-du-patrimoine\/","og_locale":"he_IL","og_type":"article","og_title":"Protection du patrimoine - Souhami&amp;Co\u00a0\u00a0|\u00a0\u00a0Avocats immobilier en Isra\u00ebl","og_description":"Droit de la famille : m\u00e9diation, successions, testaments, contrats de mariage. Expertise et accompagnement humain.","og_url":"https:\/\/souhami-lawoffice.com\/he\/protection-du-patrimoine\/","og_site_name":"Souhami&amp;Co\u00a0\u00a0|\u00a0\u00a0Avocats immobilier en Isra\u00ebl","article_publisher":"https:\/\/www.facebook.com\/profile.php?id=61571065836789","article_modified_time":"2025-04-24T11:58:57+00:00","og_image":[{"width":1344,"height":768,"url":"https:\/\/souhami-lawoffice.com\/wp-content\/uploads\/2024\/12\/Souhami-Avocat-droit-de-la-famille.jpeg","type":"image\/jpeg"}],"twitter_card":"summary_large_image","twitter_misc":{"\u05d6\u05de\u05df \u05e7\u05e8\u05d9\u05d0\u05d4 \u05de\u05d5\u05e2\u05e8\u05da":"2 \u05d3\u05e7\u05d5\u05ea"},"schema":{"@context":"https:\/\/schema.org","@graph":[{"@type":"WebPage","@id":"https:\/\/souhami-lawoffice.com\/protection-du-patrimoine\/","url":"https:\/\/souhami-lawoffice.com\/protection-du-patrimoine\/","name":"Protection du patrimoine - Souhami&amp;Co\u00a0\u00a0|\u00a0\u00a0Avocats immobilier en Isra\u00ebl","isPartOf":{"@id":"https:\/\/souhami-lawoffice.com\/#website"},"primaryImageOfPage":{"@id":"https:\/\/souhami-lawoffice.com\/protection-du-patrimoine\/#primaryimage"},"image":{"@id":"https:\/\/souhami-lawoffice.com\/protection-du-patrimoine\/#primaryimage"},"thumbnailUrl":"https:\/\/souhami-lawoffice.com\/wp-content\/uploads\/2024\/12\/Souhami-Avocat-droit-de-la-famille.jpeg","datePublished":"2024-12-12T13:19:46+00:00","dateModified":"2025-04-24T11:58:57+00:00","description":"Droit de la famille : m\u00e9diation, successions, testaments, contrats de mariage. Expertise et accompagnement humain.","breadcrumb":{"@id":"https:\/\/souhami-lawoffice.com\/protection-du-patrimoine\/#breadcrumb"},"inLanguage":"he-IL","potentialAction":[{"@type":"ReadAction","target":["https:\/\/souhami-lawoffice.com\/protection-du-patrimoine\/"]}]},{"@type":"ImageObject","inLanguage":"he-IL","@id":"https:\/\/souhami-lawoffice.com\/protection-du-patrimoine\/#primaryimage","url":"https:\/\/souhami-lawoffice.com\/wp-content\/uploads\/2024\/12\/Souhami-Avocat-droit-de-la-famille.jpeg","contentUrl":"https:\/\/souhami-lawoffice.com\/wp-content\/uploads\/2024\/12\/Souhami-Avocat-droit-de-la-famille.jpeg","width":1344,"height":768},{"@type":"BreadcrumbList","@id":"https:\/\/souhami-lawoffice.com\/protection-du-patrimoine\/#breadcrumb","itemListElement":[{"@type":"ListItem","position":1,"name":"Accueil","item":"https:\/\/souhami-lawoffice.com\/"},{"@type":"ListItem","position":2,"name":"Protection du patrimoine"}]},{"@type":"WebSite","@id":"https:\/\/souhami-lawoffice.com\/#website","url":"https:\/\/souhami-lawoffice.com\/","name":"Avocats immobilier en Isra\u00ebl","description":"Souhami&amp;Co\u00a0\u00a0|\u00a0\u00a0Avocats immobilier en Isra\u00ebl","publisher":{"@id":"https:\/\/souhami-lawoffice.com\/#organization"},"potentialAction":[{"@type":"SearchAction","target":{"@type":"EntryPoint","urlTemplate":"https:\/\/souhami-lawoffice.com\/?s={search_term_string}"},"query-input":{"@type":"PropertyValueSpecification","valueRequired":true,"valueName":"search_term_string"}}],"inLanguage":"he-IL"},{"@type":"Organization","@id":"https:\/\/souhami-lawoffice.com\/#organization","name":"Avocats immobilier en Isra\u00ebl","url":"https:\/\/souhami-lawoffice.com\/","logo":{"@type":"ImageObject","inLanguage":"he-IL","@id":"https:\/\/souhami-lawoffice.com\/#\/schema\/logo\/image\/","url":"https:\/\/souhami-lawoffice.com\/wp-content\/uploads\/2024\/12\/Fichier-20.svg","contentUrl":"https:\/\/souhami-lawoffice.com\/wp-content\/uploads\/2024\/12\/Fichier-20.svg","width":381,"height":78,"caption":"Avocats immobilier en Isra\u00ebl"},"image":{"@id":"https:\/\/souhami-lawoffice.com\/#\/schema\/logo\/image\/"},"sameAs":["https:\/\/www.facebook.com\/profile.php?id=61571065836789","https:\/\/www.linkedin.com\/in\/benjamin-souhami-b25a1098\/","https:\/\/www.instagram.com\/souhamiavocats\/"]}]}},"_links":{"self":[{"href":"https:\/\/souhami-lawoffice.com\/he\/wp-json\/wp\/v2\/pages\/553","targetHints":{"allow":["GET"]}}],"collection":[{"href":"https:\/\/souhami-lawoffice.com\/he\/wp-json\/wp\/v2\/pages"}],"about":[{"href":"https:\/\/souhami-lawoffice.com\/he\/wp-json\/wp\/v2\/types\/page"}],"author":[{"embeddable":true,"href":"https:\/\/souhami-lawoffice.com\/he\/wp-json\/wp\/v2\/users\/1"}],"replies":[{"embeddable":true,"href":"https:\/\/souhami-lawoffice.com\/he\/wp-json\/wp\/v2\/comments?post=553"}],"version-history":[{"count":40,"href":"https:\/\/souhami-lawoffice.com\/he\/wp-json\/wp\/v2\/pages\/553\/revisions"}],"predecessor-version":[{"id":1065,"href":"https:\/\/souhami-lawoffice.com\/he\/wp-json\/wp\/v2\/pages\/553\/revisions\/1065"}],"wp:featuredmedia":[{"embeddable":true,"href":"https:\/\/souhami-lawoffice.com\/he\/wp-json\/wp\/v2\/media\/555"}],"wp:attachment":[{"href":"https:\/\/souhami-lawoffice.com\/he\/wp-json\/wp\/v2\/media?parent=553"}],"curies":[{"name":"wp","href":"https:\/\/api.w.org\/{rel}","templated":true}]}}