{"id":665,"date":"2024-12-13T10:33:19","date_gmt":"2024-12-13T10:33:19","guid":{"rendered":"https:\/\/souhami-lawoffice.com\/?page_id=665"},"modified":"2024-12-13T10:35:22","modified_gmt":"2024-12-13T10:35:22","slug":"mentions-legales","status":"publish","type":"page","link":"https:\/\/souhami-lawoffice.com\/he\/mentions-legales\/","title":{"rendered":"\u05d4\u05e6\u05d4\u05e8\u05ea \u05de\u05e9\u05e4\u05d8\u05d9\u05ea"},"content":{"rendered":"\t\t<div data-elementor-type=\"wp-page\" data-elementor-id=\"665\" class=\"elementor elementor-665\" data-elementor-post-type=\"page\">\n\t\t\t\t<div class=\"elementor-element elementor-element-532d1848 e-flex e-con-boxed e-con e-parent\" data-id=\"532d1848\" data-element_type=\"container\" data-e-type=\"container\" data-settings=\"{&quot;background_background&quot;:&quot;classic&quot;}\">\n\t\t\t\t\t<div class=\"e-con-inner\">\n\t\t<div class=\"elementor-element elementor-element-26fd9388 e-flex e-con-boxed e-con e-child\" data-id=\"26fd9388\" data-element_type=\"container\" data-e-type=\"container\">\n\t\t\t\t\t<div class=\"e-con-inner\">\n\t\t\t\t<div class=\"elementor-element elementor-element-5ed8e766 elementor-widget elementor-widget-heading\" data-id=\"5ed8e766\" data-element_type=\"widget\" data-e-type=\"widget\" data-widget_type=\"heading.default\">\n\t\t\t\t\t<h1 class=\"elementor-heading-title elementor-size-default\">Mentions l\u00e9gales<\/h1>\t\t\t\t<\/div>\n\t\t\t\t\t<\/div>\n\t\t\t\t<\/div>\n\t\t\t\t\t<\/div>\n\t\t\t\t<\/div>\n\t\t<div class=\"elementor-element elementor-element-bd62b7f e-flex e-con-boxed e-con e-parent\" data-id=\"bd62b7f\" data-element_type=\"container\" data-e-type=\"container\">\n\t\t\t\t\t<div class=\"e-con-inner\">\n\t\t\t\t<div class=\"elementor-element elementor-element-cedd953 elementor-widget elementor-widget-text-editor\" data-id=\"cedd953\" data-element_type=\"widget\" data-e-type=\"widget\" data-widget_type=\"text-editor.default\">\n\t\t\t\t\t\t\t\t\t<div class=\"flex-shrink-0 flex flex-col relative items-end\"><div><div class=\"pt-0\"><div class=\"gizmo-bot-avatar flex h-8 w-8 items-center justify-center overflow-hidden rounded-full\">\u00a0<\/div><\/div><\/div><\/div><div class=\"group\/conversation-turn relative flex w-full min-w-0 flex-col agent-turn\"><div class=\"flex-col gap-1 md:gap-3\"><div class=\"flex max-w-full flex-col flex-grow\"><div class=\"min-h-8 text-message flex w-full flex-col items-end gap-2 whitespace-normal break-words text-start [.text-message+&amp;]:mt-5\" dir=\"auto\" data-message-author-role=\"assistant\" data-message-id=\"051a28b1-9434-4da9-9698-3103783345a4\" data-message-model-slug=\"gpt-4o\"><div class=\"flex w-full flex-col gap-1 empty:hidden first:pt-[3px]\"><div class=\"markdown prose w-full break-words dark:prose-invert light\"><h2><strong>1. \u00c9diteur du Site<\/strong><\/h2><ul><li><strong>Nom<\/strong> : Cabinet Souhami Avocat<\/li><li><strong>Forme juridique<\/strong> : SARL<\/li><li><strong>Adresse du si\u00e8ge social<\/strong> : 13 Aluf Nehemia Tamari, Ramat Gan, Isra\u00ebl<\/li><li><strong>Directeur de la publication<\/strong> : Ma\u00eetre Benjamin Souhami, avocat inscrit au barreau d\u2019Isra\u00ebl<\/li><li><strong>Contact<\/strong> :<ul><li>T\u00e9l\u00e9phone : +972 (0) 58 660 09 91<\/li><li>E-mail : <a rel=\"noopener\">cabinet@souhami-lawoffice.com<\/a><\/li><\/ul><\/li><\/ul><h2><strong>2. H\u00e9bergement du Site<\/strong><\/h2><ul><li><strong>H\u00e9bergeur<\/strong> : IONOS<\/li><li><strong>Adresse<\/strong> : 1&amp;1 IONOS SE, Elgendorfer Str. 57, 56410 Montabaur, Allemagne<\/li><li><strong>Site web<\/strong> : <a href=\"https:\/\/www.ionos.fr\" target=\"_new\" rel=\"noopener\">www.ionos.fr<\/a><\/li><li><strong>T\u00e9l\u00e9phone<\/strong> : +49 721 170 555<\/li><\/ul><h2><strong>3. Conception et R\u00e9alisation du Site<\/strong><\/h2><ul><li><strong>Agence<\/strong> : Flojo Agency<\/li><li><strong>Adresse<\/strong> : Alon Tower 2, Yigal Alon Street 94, Tel Aviv-Yafo, Isra\u00ebl<\/li><li><strong>E-mail<\/strong> : <a rel=\"noopener\">studio@flojo.agency<\/a><\/li><li><strong>Site web<\/strong> : <a href=\"https:\/\/www.flojo.agency\" target=\"_new\" rel=\"noopener\">www.flojo.agency<\/a><\/li><\/ul><h2><strong>4. Propri\u00e9t\u00e9 Intellectuelle<\/strong><\/h2><p>Le contenu de ce site (textes, images, vid\u00e9os, graphiques, logos, etc.) est prot\u00e9g\u00e9 par les lois relatives \u00e0 la propri\u00e9t\u00e9 intellectuelle. Toute reproduction, repr\u00e9sentation ou utilisation non autoris\u00e9e est strictement interdite.<\/p><h2><strong>5. Activit\u00e9s Juridiques Couvertes<\/strong><\/h2><p>Le Cabinet Souhami Avocat offre des services dans les domaines suivants :<\/p><ul><li>Droit administratif<\/li><li>Droit des affaires<\/li><li>Droit de la famille<\/li><li>Droit fiscal<\/li><li>Droit immobilier<\/li><\/ul><h2><strong>6. Protection des Donn\u00e9es Personnelles<\/strong><\/h2><p>Les informations recueillies via les formulaires du site sont utilis\u00e9es exclusivement pour r\u00e9pondre aux demandes des utilisateurs. Elles sont stock\u00e9es de mani\u00e8re s\u00e9curis\u00e9e et ne sont pas partag\u00e9es sans consentement explicite. Conform\u00e9ment au RGPD, vous disposez d\u2019un droit d\u2019acc\u00e8s, de rectification et de suppression de vos donn\u00e9es. Pour toute demande, contactez : <a rel=\"noopener\">cabinet@souhami-lawoffice.com<\/a>.<\/p><h2><strong>7. Utilisation des Cookies<\/strong><\/h2><p>Ce site utilise des cookies pour am\u00e9liorer votre exp\u00e9rience utilisateur et analyser le trafic. Pour plus d\u2019informations, veuillez consulter notre <strong><a href=\"#\" rel=\"noopener\">Politique de Cookies<\/a><\/strong>.<\/p><h2><strong>8. Responsabilit\u00e9<\/strong><\/h2><p>Le Cabinet Souhami Avocat s\u2019efforce de fournir des informations exactes et \u00e0 jour. Cependant, il d\u00e9cline toute responsabilit\u00e9 en cas d\u2019erreur, omission ou mauvaise interpr\u00e9tation des contenus.<\/p><h2><strong>9. Liens Hypertextes<\/strong><\/h2><p>Le site peut contenir des liens vers des sites externes. Le Cabinet Souhami Avocat n\u2019a aucun contr\u00f4le sur ces contenus et ne peut \u00eatre tenu responsable de leur utilisation.<\/p><h2><strong>10. Droit Applicable et Juridiction Comp\u00e9tente<\/strong><\/h2><p>Les pr\u00e9sentes mentions l\u00e9gales sont r\u00e9gies par le droit isra\u00e9lien. Tout litige sera soumis aux tribunaux comp\u00e9tents de Ramat Gan, Isra\u00ebl.<\/p><\/div><\/div><\/div><\/div><\/div><\/div>\t\t\t\t\t\t\t\t<\/div>\n\t\t\t\t\t<\/div>\n\t\t\t\t<\/div>\n\t\t<div class=\"elementor-element elementor-element-b710b0a e-flex e-con-boxed e-con e-parent\" data-id=\"b710b0a\" data-element_type=\"container\" data-e-type=\"container\" data-settings=\"{&quot;background_background&quot;:&quot;classic&quot;}\">\n\t\t\t\t\t<div class=\"e-con-inner\">\n\t\t<div class=\"elementor-element elementor-element-599fea9 e-con-full e-flex e-con e-child\" data-id=\"599fea9\" data-element_type=\"container\" data-e-type=\"container\" data-settings=\"{&quot;background_background&quot;:&quot;classic&quot;}\">\n\t\t\t\t<div class=\"elementor-element elementor-element-85256a7 elementor-widget elementor-widget-text-editor\" data-id=\"85256a7\" data-element_type=\"widget\" data-e-type=\"widget\" data-widget_type=\"text-editor.default\">\n\t\t\t\t\t\t\t\t\t<h2><strong>Une question juridique ?<\/strong><\/h2><p>Nos experts sont disponibles pour r\u00e9pondre \u00e0 vos questions. Contactez-nous maintenant pour un accompagnement sur mesure. Nous vous r\u00e9pondrons sous 24h, pendant nos heures d&rsquo;ouverture.<\/p>\t\t\t\t\t\t\t\t<\/div>\n\t\t\t\t<div class=\"elementor-element elementor-element-ccd0f91 elementor-mobile-align-left elementor-widget elementor-widget-button\" data-id=\"ccd0f91\" data-element_type=\"widget\" data-e-type=\"widget\" data-widget_type=\"button.default\">\n\t\t\t\t\t\t\t\t\t\t<a class=\"elementor-button elementor-button-link elementor-size-sm\" href=\"https:\/\/souhami-lawoffice.com\/he\/contact\/\">\n\t\t\t\t\t\t<span class=\"elementor-button-content-wrapper\">\n\t\t\t\t\t\t\t\t\t<span class=\"elementor-button-text\">Contactez-nous<\/span>\n\t\t\t\t\t<\/span>\n\t\t\t\t\t<\/a>\n\t\t\t\t\t\t\t\t<\/div>\n\t\t\t\t<\/div>\n\t\t\t\t\t<\/div>\n\t\t\t\t<\/div>\n\t\t\t\t<\/div>\n\t\t","protected":false},"excerpt":{"rendered":"<p>Mentions l\u00e9gales \u00a0 1. \u00c9diteur du Site Nom : Cabinet Souhami Avocat Forme juridique : SARL Adresse du si\u00e8ge social : 13 Aluf Nehemia Tamari, Ramat Gan, Isra\u00ebl Directeur de la publication : Ma\u00eetre Benjamin Souhami, avocat inscrit au barreau d\u2019Isra\u00ebl Contact : T\u00e9l\u00e9phone : +972 (0) 58 660 09 91 E-mail : cabinet@souhami-lawoffice.com 2. [&hellip;]<\/p>\n","protected":false},"author":1,"featured_media":666,"parent":0,"menu_order":0,"comment_status":"closed","ping_status":"closed","template":"","meta":{"_monsterinsights_skip_tracking":false,"_monsterinsights_sitenote_active":false,"_monsterinsights_sitenote_note":"","_monsterinsights_sitenote_category":0,"_joinchat":[],"footnotes":""},"class_list":["post-665","page","type-page","status-publish","has-post-thumbnail","hentry"],"yoast_head":"<!-- This site is optimized with the Yoast SEO plugin v27.4 - https:\/\/yoast.com\/product\/yoast-seo-wordpress\/ -->\n<title>Mentions l\u00e9gales - Souhami&amp;Co\u00a0\u00a0|\u00a0\u00a0Avocats immobilier en Isra\u00ebl<\/title>\n<meta name=\"description\" content=\"Droit immobilier en Isra\u00ebl : achat, vente, permis de construire, donations, successions, gestion locative. Expertise sur mesure.\" \/>\n<meta name=\"robots\" content=\"index, follow, max-snippet:-1, max-image-preview:large, max-video-preview:-1\" \/>\n<link rel=\"canonical\" href=\"https:\/\/souhami-lawoffice.com\/he\/mentions-legales\/\" \/>\n<meta property=\"og:locale\" content=\"he_IL\" \/>\n<meta property=\"og:type\" content=\"article\" \/>\n<meta property=\"og:title\" content=\"Mentions l\u00e9gales - Souhami&amp;Co\u00a0\u00a0|\u00a0\u00a0Avocats immobilier en Isra\u00ebl\" \/>\n<meta property=\"og:description\" content=\"Droit immobilier en Isra\u00ebl : achat, vente, permis de construire, donations, successions, gestion locative. Expertise sur mesure.\" \/>\n<meta property=\"og:url\" content=\"https:\/\/souhami-lawoffice.com\/he\/mentions-legales\/\" \/>\n<meta property=\"og:site_name\" content=\"Souhami&amp;Co\u00a0\u00a0|\u00a0\u00a0Avocats immobilier en Isra\u00ebl\" \/>\n<meta property=\"article:publisher\" content=\"https:\/\/www.facebook.com\/profile.php?id=61571065836789\" \/>\n<meta property=\"article:modified_time\" content=\"2024-12-13T10:35:22+00:00\" \/>\n<meta property=\"og:image\" content=\"https:\/\/souhami-lawoffice.com\/wp-content\/uploads\/2024\/12\/Souhami-Avocat-Docs.jpeg\" \/>\n\t<meta property=\"og:image:width\" content=\"1152\" \/>\n\t<meta property=\"og:image:height\" content=\"896\" \/>\n\t<meta property=\"og:image:type\" content=\"image\/jpeg\" \/>\n<meta name=\"twitter:card\" content=\"summary_large_image\" \/>\n<meta name=\"twitter:label1\" content=\"\u05d6\u05de\u05df \u05e7\u05e8\u05d9\u05d0\u05d4 \u05de\u05d5\u05e2\u05e8\u05da\" \/>\n\t<meta name=\"twitter:data1\" content=\"2 \u05d3\u05e7\u05d5\u05ea\" \/>\n<script type=\"application\/ld+json\" class=\"yoast-schema-graph\">{\"@context\":\"https:\\\/\\\/schema.org\",\"@graph\":[{\"@type\":\"WebPage\",\"@id\":\"https:\\\/\\\/souhami-lawoffice.com\\\/mentions-legales\\\/\",\"url\":\"https:\\\/\\\/souhami-lawoffice.com\\\/mentions-legales\\\/\",\"name\":\"Mentions l\u00e9gales - Souhami&amp;Co\u00a0\u00a0|\u00a0\u00a0Avocats immobilier en Isra\u00ebl\",\"isPartOf\":{\"@id\":\"https:\\\/\\\/souhami-lawoffice.com\\\/#website\"},\"primaryImageOfPage\":{\"@id\":\"https:\\\/\\\/souhami-lawoffice.com\\\/mentions-legales\\\/#primaryimage\"},\"image\":{\"@id\":\"https:\\\/\\\/souhami-lawoffice.com\\\/mentions-legales\\\/#primaryimage\"},\"thumbnailUrl\":\"https:\\\/\\\/souhami-lawoffice.com\\\/wp-content\\\/uploads\\\/2024\\\/12\\\/Souhami-Avocat-Docs.jpeg\",\"datePublished\":\"2024-12-13T10:33:19+00:00\",\"dateModified\":\"2024-12-13T10:35:22+00:00\",\"description\":\"Droit immobilier en Isra\u00ebl : achat, vente, permis de construire, donations, successions, gestion locative. Expertise sur mesure.\",\"breadcrumb\":{\"@id\":\"https:\\\/\\\/souhami-lawoffice.com\\\/mentions-legales\\\/#breadcrumb\"},\"inLanguage\":\"he-IL\",\"potentialAction\":[{\"@type\":\"ReadAction\",\"target\":[\"https:\\\/\\\/souhami-lawoffice.com\\\/mentions-legales\\\/\"]}]},{\"@type\":\"ImageObject\",\"inLanguage\":\"he-IL\",\"@id\":\"https:\\\/\\\/souhami-lawoffice.com\\\/mentions-legales\\\/#primaryimage\",\"url\":\"https:\\\/\\\/souhami-lawoffice.com\\\/wp-content\\\/uploads\\\/2024\\\/12\\\/Souhami-Avocat-Docs.jpeg\",\"contentUrl\":\"https:\\\/\\\/souhami-lawoffice.com\\\/wp-content\\\/uploads\\\/2024\\\/12\\\/Souhami-Avocat-Docs.jpeg\",\"width\":1152,\"height\":896},{\"@type\":\"BreadcrumbList\",\"@id\":\"https:\\\/\\\/souhami-lawoffice.com\\\/mentions-legales\\\/#breadcrumb\",\"itemListElement\":[{\"@type\":\"ListItem\",\"position\":1,\"name\":\"Accueil\",\"item\":\"https:\\\/\\\/souhami-lawoffice.com\\\/\"},{\"@type\":\"ListItem\",\"position\":2,\"name\":\"Mentions l\u00e9gales\"}]},{\"@type\":\"WebSite\",\"@id\":\"https:\\\/\\\/souhami-lawoffice.com\\\/#website\",\"url\":\"https:\\\/\\\/souhami-lawoffice.com\\\/\",\"name\":\"Avocats immobilier en Isra\u00ebl\",\"description\":\"Souhami&amp;Co\u00a0\u00a0|\u00a0\u00a0Avocats immobilier en Isra\u00ebl\",\"publisher\":{\"@id\":\"https:\\\/\\\/souhami-lawoffice.com\\\/#organization\"},\"potentialAction\":[{\"@type\":\"SearchAction\",\"target\":{\"@type\":\"EntryPoint\",\"urlTemplate\":\"https:\\\/\\\/souhami-lawoffice.com\\\/?s={search_term_string}\"},\"query-input\":{\"@type\":\"PropertyValueSpecification\",\"valueRequired\":true,\"valueName\":\"search_term_string\"}}],\"inLanguage\":\"he-IL\"},{\"@type\":\"Organization\",\"@id\":\"https:\\\/\\\/souhami-lawoffice.com\\\/#organization\",\"name\":\"Avocats immobilier en Isra\u00ebl\",\"url\":\"https:\\\/\\\/souhami-lawoffice.com\\\/\",\"logo\":{\"@type\":\"ImageObject\",\"inLanguage\":\"he-IL\",\"@id\":\"https:\\\/\\\/souhami-lawoffice.com\\\/#\\\/schema\\\/logo\\\/image\\\/\",\"url\":\"https:\\\/\\\/souhami-lawoffice.com\\\/wp-content\\\/uploads\\\/2024\\\/12\\\/Fichier-20.svg\",\"contentUrl\":\"https:\\\/\\\/souhami-lawoffice.com\\\/wp-content\\\/uploads\\\/2024\\\/12\\\/Fichier-20.svg\",\"width\":381,\"height\":78,\"caption\":\"Avocats immobilier en Isra\u00ebl\"},\"image\":{\"@id\":\"https:\\\/\\\/souhami-lawoffice.com\\\/#\\\/schema\\\/logo\\\/image\\\/\"},\"sameAs\":[\"https:\\\/\\\/www.facebook.com\\\/profile.php?id=61571065836789\",\"https:\\\/\\\/www.linkedin.com\\\/in\\\/benjamin-souhami-b25a1098\\\/\",\"https:\\\/\\\/www.instagram.com\\\/souhamiavocats\\\/\"]}]}<\/script>\n<!-- \/ Yoast SEO plugin. -->","yoast_head_json":{"title":"Mentions l\u00e9gales - Souhami&amp;Co\u00a0\u00a0|\u00a0\u00a0Avocats immobilier en Isra\u00ebl","description":"Droit immobilier en Isra\u00ebl : achat, vente, permis de construire, donations, successions, gestion locative. Expertise sur mesure.","robots":{"index":"index","follow":"follow","max-snippet":"max-snippet:-1","max-image-preview":"max-image-preview:large","max-video-preview":"max-video-preview:-1"},"canonical":"https:\/\/souhami-lawoffice.com\/he\/mentions-legales\/","og_locale":"he_IL","og_type":"article","og_title":"Mentions l\u00e9gales - Souhami&amp;Co\u00a0\u00a0|\u00a0\u00a0Avocats immobilier en Isra\u00ebl","og_description":"Droit immobilier en Isra\u00ebl : achat, vente, permis de construire, donations, successions, gestion locative. Expertise sur mesure.","og_url":"https:\/\/souhami-lawoffice.com\/he\/mentions-legales\/","og_site_name":"Souhami&amp;Co\u00a0\u00a0|\u00a0\u00a0Avocats immobilier en Isra\u00ebl","article_publisher":"https:\/\/www.facebook.com\/profile.php?id=61571065836789","article_modified_time":"2024-12-13T10:35:22+00:00","og_image":[{"width":1152,"height":896,"url":"https:\/\/souhami-lawoffice.com\/wp-content\/uploads\/2024\/12\/Souhami-Avocat-Docs.jpeg","type":"image\/jpeg"}],"twitter_card":"summary_large_image","twitter_misc":{"\u05d6\u05de\u05df \u05e7\u05e8\u05d9\u05d0\u05d4 \u05de\u05d5\u05e2\u05e8\u05da":"2 \u05d3\u05e7\u05d5\u05ea"},"schema":{"@context":"https:\/\/schema.org","@graph":[{"@type":"WebPage","@id":"https:\/\/souhami-lawoffice.com\/mentions-legales\/","url":"https:\/\/souhami-lawoffice.com\/mentions-legales\/","name":"Mentions l\u00e9gales - Souhami&amp;Co\u00a0\u00a0|\u00a0\u00a0Avocats immobilier en Isra\u00ebl","isPartOf":{"@id":"https:\/\/souhami-lawoffice.com\/#website"},"primaryImageOfPage":{"@id":"https:\/\/souhami-lawoffice.com\/mentions-legales\/#primaryimage"},"image":{"@id":"https:\/\/souhami-lawoffice.com\/mentions-legales\/#primaryimage"},"thumbnailUrl":"https:\/\/souhami-lawoffice.com\/wp-content\/uploads\/2024\/12\/Souhami-Avocat-Docs.jpeg","datePublished":"2024-12-13T10:33:19+00:00","dateModified":"2024-12-13T10:35:22+00:00","description":"Droit immobilier en Isra\u00ebl : achat, vente, permis de construire, donations, successions, gestion locative. Expertise sur mesure.","breadcrumb":{"@id":"https:\/\/souhami-lawoffice.com\/mentions-legales\/#breadcrumb"},"inLanguage":"he-IL","potentialAction":[{"@type":"ReadAction","target":["https:\/\/souhami-lawoffice.com\/mentions-legales\/"]}]},{"@type":"ImageObject","inLanguage":"he-IL","@id":"https:\/\/souhami-lawoffice.com\/mentions-legales\/#primaryimage","url":"https:\/\/souhami-lawoffice.com\/wp-content\/uploads\/2024\/12\/Souhami-Avocat-Docs.jpeg","contentUrl":"https:\/\/souhami-lawoffice.com\/wp-content\/uploads\/2024\/12\/Souhami-Avocat-Docs.jpeg","width":1152,"height":896},{"@type":"BreadcrumbList","@id":"https:\/\/souhami-lawoffice.com\/mentions-legales\/#breadcrumb","itemListElement":[{"@type":"ListItem","position":1,"name":"Accueil","item":"https:\/\/souhami-lawoffice.com\/"},{"@type":"ListItem","position":2,"name":"Mentions l\u00e9gales"}]},{"@type":"WebSite","@id":"https:\/\/souhami-lawoffice.com\/#website","url":"https:\/\/souhami-lawoffice.com\/","name":"Avocats immobilier en Isra\u00ebl","description":"Souhami&amp;Co\u00a0\u00a0|\u00a0\u00a0Avocats immobilier en Isra\u00ebl","publisher":{"@id":"https:\/\/souhami-lawoffice.com\/#organization"},"potentialAction":[{"@type":"SearchAction","target":{"@type":"EntryPoint","urlTemplate":"https:\/\/souhami-lawoffice.com\/?s={search_term_string}"},"query-input":{"@type":"PropertyValueSpecification","valueRequired":true,"valueName":"search_term_string"}}],"inLanguage":"he-IL"},{"@type":"Organization","@id":"https:\/\/souhami-lawoffice.com\/#organization","name":"Avocats immobilier en Isra\u00ebl","url":"https:\/\/souhami-lawoffice.com\/","logo":{"@type":"ImageObject","inLanguage":"he-IL","@id":"https:\/\/souhami-lawoffice.com\/#\/schema\/logo\/image\/","url":"https:\/\/souhami-lawoffice.com\/wp-content\/uploads\/2024\/12\/Fichier-20.svg","contentUrl":"https:\/\/souhami-lawoffice.com\/wp-content\/uploads\/2024\/12\/Fichier-20.svg","width":381,"height":78,"caption":"Avocats immobilier en Isra\u00ebl"},"image":{"@id":"https:\/\/souhami-lawoffice.com\/#\/schema\/logo\/image\/"},"sameAs":["https:\/\/www.facebook.com\/profile.php?id=61571065836789","https:\/\/www.linkedin.com\/in\/benjamin-souhami-b25a1098\/","https:\/\/www.instagram.com\/souhamiavocats\/"]}]}},"_links":{"self":[{"href":"https:\/\/souhami-lawoffice.com\/he\/wp-json\/wp\/v2\/pages\/665","targetHints":{"allow":["GET"]}}],"collection":[{"href":"https:\/\/souhami-lawoffice.com\/he\/wp-json\/wp\/v2\/pages"}],"about":[{"href":"https:\/\/souhami-lawoffice.com\/he\/wp-json\/wp\/v2\/types\/page"}],"author":[{"embeddable":true,"href":"https:\/\/souhami-lawoffice.com\/he\/wp-json\/wp\/v2\/users\/1"}],"replies":[{"embeddable":true,"href":"https:\/\/souhami-lawoffice.com\/he\/wp-json\/wp\/v2\/comments?post=665"}],"version-history":[{"count":9,"href":"https:\/\/souhami-lawoffice.com\/he\/wp-json\/wp\/v2\/pages\/665\/revisions"}],"predecessor-version":[{"id":675,"href":"https:\/\/souhami-lawoffice.com\/he\/wp-json\/wp\/v2\/pages\/665\/revisions\/675"}],"wp:featuredmedia":[{"embeddable":true,"href":"https:\/\/souhami-lawoffice.com\/he\/wp-json\/wp\/v2\/media\/666"}],"wp:attachment":[{"href":"https:\/\/souhami-lawoffice.com\/he\/wp-json\/wp\/v2\/media?parent=665"}],"curies":[{"name":"wp","href":"https:\/\/api.w.org\/{rel}","templated":true}]}}