{"id":676,"date":"2024-12-13T10:35:43","date_gmt":"2024-12-13T10:35:43","guid":{"rendered":"https:\/\/souhami-lawoffice.com\/?page_id=676"},"modified":"2024-12-13T10:38:04","modified_gmt":"2024-12-13T10:38:04","slug":"politique-de-cookies","status":"publish","type":"page","link":"https:\/\/souhami-lawoffice.com\/he\/politique-de-cookies\/","title":{"rendered":"Politique de Cookies"},"content":{"rendered":"<div data-elementor-type=\"wp-page\" data-elementor-id=\"676\" class=\"elementor elementor-676\" data-elementor-post-type=\"page\">\n\t\t\t\t<div class=\"elementor-element elementor-element-532d1848 e-flex e-con-boxed e-con e-parent\" data-id=\"532d1848\" data-element_type=\"container\" data-e-type=\"container\" data-settings=\"{&quot;background_background&quot;:&quot;classic&quot;}\">\n\t\t\t\t\t<div class=\"e-con-inner\">\n\t\t<div class=\"elementor-element elementor-element-26fd9388 e-flex e-con-boxed e-con e-child\" data-id=\"26fd9388\" data-element_type=\"container\" data-e-type=\"container\">\n\t\t\t\t\t<div class=\"e-con-inner\">\n\t\t\t\t<div class=\"elementor-element elementor-element-5ed8e766 elementor-widget elementor-widget-heading\" data-id=\"5ed8e766\" data-element_type=\"widget\" data-e-type=\"widget\" data-widget_type=\"heading.default\">\n\t\t\t\t\t<h1 class=\"elementor-heading-title elementor-size-default\">Politique de Cookies\n<\/h1>\t\t\t\t<\/div>\n\t\t\t\t\t<\/div>\n\t\t\t\t<\/div>\n\t\t\t\t\t<\/div>\n\t\t\t\t<\/div>\n\t\t<div class=\"elementor-element elementor-element-bd62b7f e-flex e-con-boxed e-con e-parent\" data-id=\"bd62b7f\" data-element_type=\"container\" data-e-type=\"container\">\n\t\t\t\t\t<div class=\"e-con-inner\">\n\t\t\t\t<div class=\"elementor-element elementor-element-cedd953 elementor-widget elementor-widget-text-editor\" data-id=\"cedd953\" data-element_type=\"widget\" data-e-type=\"widget\" data-widget_type=\"text-editor.default\">\n\t\t\t\t\t\t\t\t\t<div class=\"flex-shrink-0 flex flex-col relative items-end\"><div class=\"pt-0\"><div class=\"gizmo-bot-avatar flex h-8 w-8 items-center justify-center overflow-hidden rounded-full\"><h2><strong>1. Introduction<\/strong><\/h2><p>La pr\u00e9sente politique de cookies explique comment le site du <strong>Cabinet Souhami Avocat<\/strong> utilise des cookies pour am\u00e9liorer votre exp\u00e9rience utilisateur et analyser le trafic. En naviguant sur ce site, vous consentez \u00e0 l\u2019utilisation de cookies conform\u00e9ment \u00e0 cette politique, sauf si vous avez modifi\u00e9 les param\u00e8tres de votre navigateur pour les d\u00e9sactiver.<\/p><h2><strong>2. Qu\u2019est-ce qu\u2019un cookie ?<\/strong><\/h2><p>Un cookie est un petit fichier texte stock\u00e9 sur votre appareil (ordinateur, tablette, smartphone) lorsque vous visitez un site internet. Il permet au site de se souvenir de vos pr\u00e9f\u00e9rences, d\u2019am\u00e9liorer les performances et de collecter des informations sur votre navigation.<\/p><h2><strong>3. Types de cookies utilis\u00e9s<\/strong><\/h2><h3><strong>Cookies essentiels<\/strong><\/h3><p>Ces cookies sont n\u00e9cessaires au bon fonctionnement du site. Sans eux, certaines fonctionnalit\u00e9s, comme l\u2019acc\u00e8s \u00e0 votre compte ou le remplissage de formulaires, pourraient ne pas fonctionner.<\/p><ul><li>PHPSESSID<\/li><li>wordpress_test_cookie<\/li><li>wordpress_logged_in_ce043cd2200e56410eeaac0e321bc4c1<\/li><\/ul><h3><strong>Cookies de pr\u00e9f\u00e9rences<\/strong><\/h3><p>Ces cookies permettent au site de m\u00e9moriser vos choix, comme vos pr\u00e9f\u00e9rences linguistiques ou vos param\u00e8tres d\u2019affichage.<\/p><ul><li>WP_PREFERENCES_USER_1<\/li><li>wp-settings-1<\/li><li>wp-settings-time-1<\/li><\/ul><h3><strong>Cookies analytiques<\/strong><\/h3><p>Ces cookies collectent des informations sur la fa\u00e7on dont vous utilisez le site, comme les pages visit\u00e9es et les erreurs rencontr\u00e9es, afin d\u2019am\u00e9liorer sa performance.<\/p><ul><li>_ga<\/li><li>_ga_EQDN3BWDSD<\/li><li>googlesitekit_1.141.0_defa1d2952cb8565733d7c3a1ca39774_modules::analytics-4::report::84585cc73eecf4f<\/li><\/ul><h3><strong>Cookies li\u00e9s \u00e0 Elementor<\/strong><\/h3><p>Ces cookies sont sp\u00e9cifiques \u00e0 l\u2019outil Elementor utilis\u00e9 pour la construction du site et garantissent son bon fonctionnement.<\/p><ul><li>elementor<\/li><li>e_globals<\/li><li>e_event-tracker<\/li><li>e_kit-elements-defaults<\/li><li>e_site-editor<\/li><\/ul><h2><strong>4. Gestion des cookies<\/strong><\/h2><h3><strong>Accepter ou refuser les cookies<\/strong><\/h3><p>Vous pouvez configurer votre navigateur pour accepter ou refuser les cookies \u00e0 tout moment. Cependant, le refus de certains cookies essentiels peut limiter l\u2019acc\u00e8s \u00e0 certaines fonctionnalit\u00e9s du site.<\/p><h3><strong>Modifier vos param\u00e8tres de cookies<\/strong><\/h3><p>Les param\u00e8tres de gestion des cookies peuvent \u00eatre modifi\u00e9s directement dans votre navigateur :<\/p><ul><li><strong>Google Chrome<\/strong> : <a target=\"_new\" rel=\"noopener\">Support Chrome<\/a><\/li><li><strong>Mozilla Firefox<\/strong> : <a href=\"https:\/\/support.mozilla.org\/fr\/kb\/activer-desactiver-cookies\" target=\"_new\" rel=\"noopener\">Support Firefox<\/a><\/li><li><strong>Safari<\/strong> : <a href=\"https:\/\/support.apple.com\/fr-fr\/guide\/safari\/sfri11471\/mac\" target=\"_new\" rel=\"noopener\">Support Safari<\/a><\/li><li><strong>Microsoft Edge<\/strong> : <a href=\"https:\/\/support.microsoft.com\/fr-fr\/microsoft-edge\/supprimer-les-cookies-168dab11-0753-043d-7c16-ede5947fc64d\" target=\"_new\" rel=\"noopener\">Support Edge<\/a><\/li><\/ul><h2><strong>5. Dur\u00e9e de conservation des cookies<\/strong><\/h2><p>Les cookies sont stock\u00e9s sur votre appareil pour une dur\u00e9e d\u00e9termin\u00e9e :<\/p><ul><li>Cookies de session : supprim\u00e9s \u00e0 la fermeture de votre navigateur.<\/li><li>Cookies persistants : conserv\u00e9s jusqu\u2019\u00e0 leur date d\u2019expiration ou leur suppression manuelle.<\/li><\/ul><h2><strong>6. Modification de la politique de cookies<\/strong><\/h2><p>Cette politique peut \u00eatre mise \u00e0 jour \u00e0 tout moment pour refl\u00e9ter les changements dans l\u2019utilisation des cookies ou pour se conformer \u00e0 la l\u00e9gislation en vigueur. Nous vous invitons \u00e0 consulter r\u00e9guli\u00e8rement cette page pour rester inform\u00e9 des mises \u00e0 jour.<\/p><h2><strong>7. Contact<\/strong><\/h2><p>Pour toute question concernant cette politique de cookies, vous pouvez nous contacter \u00e0 l\u2019adresse suivante :<\/p><ul><li>E-mail : <a rel=\"noopener\">cabinet@souhami-lawoffice.com<\/a><\/li><li>T\u00e9l\u00e9phone : +972 (0) 58 660 09 91<\/li><\/ul><\/div><\/div><\/div>\t\t\t\t\t\t\t\t<\/div>\n\t\t\t\t\t<\/div>\n\t\t\t\t<\/div>\n\t\t<div class=\"elementor-element elementor-element-b710b0a e-flex e-con-boxed e-con e-parent\" data-id=\"b710b0a\" data-element_type=\"container\" data-e-type=\"container\" data-settings=\"{&quot;background_background&quot;:&quot;classic&quot;}\">\n\t\t\t\t\t<div class=\"e-con-inner\">\n\t\t<div class=\"elementor-element elementor-element-599fea9 e-con-full e-flex e-con e-child\" data-id=\"599fea9\" data-element_type=\"container\" data-e-type=\"container\" data-settings=\"{&quot;background_background&quot;:&quot;classic&quot;}\">\n\t\t\t\t<div class=\"elementor-element elementor-element-85256a7 elementor-widget elementor-widget-text-editor\" data-id=\"85256a7\" data-element_type=\"widget\" data-e-type=\"widget\" data-widget_type=\"text-editor.default\">\n\t\t\t\t\t\t\t\t\t<h2><strong>\u05e9\u05d0\u05dc\u05d4 \u05de\u05e9\u05e4\u05d8\u05d9\u05ea?<\/strong><\/h2><p>\u05d4\u05de\u05d5\u05de\u05d7\u05d9\u05dd \u05e9\u05dc\u05e0\u05d5 \u05d6\u05de\u05d9\u05e0\u05d9\u05dd \u05dc\u05e2\u05e0\u05d5\u05ea \u05e2\u05dc \u05e9\u05d0\u05dc\u05d5\u05ea\u05d9\u05db\u05dd. \u05e6\u05e8\u05d5 \u05e7\u05e9\u05e8 \u05e2\u05db\u05e9\u05d9\u05d5 \u05dc\u05dc\u05d9\u05d5\u05d5\u05d9 \u05de\u05e9\u05e4\u05d8\u05d9 \u05de\u05d5\u05ea\u05d0\u05dd \u05d0\u05d9\u05e9\u05d9\u05ea. \u05d0\u05e0\u05d5 \u05e0\u05e9\u05d9\u05d1 \u05dc\u05db\u05dd \u05ea\u05d5\u05da 24 \u05e9\u05e2\u05d5\u05ea, \u05d1\u05de\u05d4\u05dc\u05da \u05e9\u05e2\u05d5\u05ea \u05d4\u05e4\u05e2\u05d9\u05dc\u05d5\u05ea \u05e9\u05dc\u05e0\u05d5.<\/p>\t\t\t\t\t\t\t\t<\/div>\n\t\t\t\t<div class=\"elementor-element elementor-element-ccd0f91 elementor-mobile-align-left elementor-widget elementor-widget-button\" data-id=\"ccd0f91\" data-element_type=\"widget\" data-e-type=\"widget\" data-widget_type=\"button.default\">\n\t\t\t\t\t\t\t\t\t\t<a class=\"elementor-button elementor-button-link elementor-size-sm\" href=\"https:\/\/souhami-lawoffice.com\/he\/contact\/\">\n\t\t\t\t\t\t<span class=\"elementor-button-content-wrapper\">\n\t\t\t\t\t\t\t\t\t<span class=\"elementor-button-text\">\u05e6\u05e8\u05d5 \u05e7\u05e9\u05e8 \u05d0\u05d9\u05ea\u05e0\u05d5<\/span>\n\t\t\t\t\t<\/span>\n\t\t\t\t\t<\/a>\n\t\t\t\t\t\t\t\t<\/div>\n\t\t\t\t<\/div>\n\t\t\t\t\t<\/div>\n\t\t\t\t<\/div>\n\t\t\t\t<\/div>","protected":false},"excerpt":{"rendered":"<p>Politique de Cookies 1. Introduction La pr\u00e9sente politique de cookies explique comment le site du Cabinet Souhami Avocat utilise des cookies pour am\u00e9liorer votre exp\u00e9rience utilisateur et analyser le trafic. En naviguant sur ce site, vous consentez \u00e0 l\u2019utilisation de cookies conform\u00e9ment \u00e0 cette politique, sauf si vous avez modifi\u00e9 les param\u00e8tres de votre navigateur [&hellip;]<\/p>\n","protected":false},"author":1,"featured_media":666,"parent":0,"menu_order":0,"comment_status":"closed","ping_status":"closed","template":"","meta":{"_monsterinsights_skip_tracking":false,"_monsterinsights_sitenote_active":false,"_monsterinsights_sitenote_note":"","_monsterinsights_sitenote_category":0,"_joinchat":[],"footnotes":""},"class_list":["post-676","page","type-page","status-publish","has-post-thumbnail","hentry"],"yoast_head":"<!-- This site is optimized with the Yoast SEO plugin v27.4 - https:\/\/yoast.com\/product\/yoast-seo-wordpress\/ -->\n<title>Politique de Cookies - Souhami&amp;Co\u00a0\u00a0|\u00a0\u00a0Avocats immobilier en Isra\u00ebl<\/title>\n<meta name=\"description\" content=\"Droit immobilier en Isra\u00ebl : achat, vente, permis de construire, donations, successions, gestion locative. Expertise sur mesure.\" \/>\n<meta name=\"robots\" content=\"index, follow, max-snippet:-1, max-image-preview:large, max-video-preview:-1\" \/>\n<link rel=\"canonical\" href=\"https:\/\/souhami-lawoffice.com\/he\/politique-de-cookies\/\" \/>\n<meta property=\"og:locale\" content=\"he_IL\" \/>\n<meta property=\"og:type\" content=\"article\" \/>\n<meta property=\"og:title\" content=\"Politique de Cookies - Souhami&amp;Co\u00a0\u00a0|\u00a0\u00a0Avocats immobilier en Isra\u00ebl\" \/>\n<meta property=\"og:description\" content=\"Droit immobilier en Isra\u00ebl : achat, vente, permis de construire, donations, successions, gestion locative. Expertise sur mesure.\" \/>\n<meta property=\"og:url\" content=\"https:\/\/souhami-lawoffice.com\/he\/politique-de-cookies\/\" \/>\n<meta property=\"og:site_name\" content=\"Souhami&amp;Co\u00a0\u00a0|\u00a0\u00a0Avocats immobilier en Isra\u00ebl\" \/>\n<meta property=\"article:publisher\" content=\"https:\/\/www.facebook.com\/profile.php?id=61571065836789\" \/>\n<meta property=\"article:modified_time\" content=\"2024-12-13T10:38:04+00:00\" \/>\n<meta property=\"og:image\" content=\"https:\/\/souhami-lawoffice.com\/wp-content\/uploads\/2024\/12\/Souhami-Avocat-Docs.jpeg\" \/>\n\t<meta property=\"og:image:width\" content=\"1152\" \/>\n\t<meta property=\"og:image:height\" content=\"896\" \/>\n\t<meta property=\"og:image:type\" content=\"image\/jpeg\" \/>\n<meta name=\"twitter:card\" content=\"summary_large_image\" \/>\n<meta name=\"twitter:label1\" content=\"\u05d6\u05de\u05df \u05e7\u05e8\u05d9\u05d0\u05d4 \u05de\u05d5\u05e2\u05e8\u05da\" \/>\n\t<meta name=\"twitter:data1\" content=\"3 \u05d3\u05e7\u05d5\u05ea\" \/>\n<script type=\"application\/ld+json\" class=\"yoast-schema-graph\">{\"@context\":\"https:\\\/\\\/schema.org\",\"@graph\":[{\"@type\":\"WebPage\",\"@id\":\"https:\\\/\\\/souhami-lawoffice.com\\\/politique-de-cookies\\\/\",\"url\":\"https:\\\/\\\/souhami-lawoffice.com\\\/politique-de-cookies\\\/\",\"name\":\"Politique de Cookies - Souhami&amp;Co\u00a0\u00a0|\u00a0\u00a0Avocats immobilier en Isra\u00ebl\",\"isPartOf\":{\"@id\":\"https:\\\/\\\/souhami-lawoffice.com\\\/#website\"},\"primaryImageOfPage\":{\"@id\":\"https:\\\/\\\/souhami-lawoffice.com\\\/politique-de-cookies\\\/#primaryimage\"},\"image\":{\"@id\":\"https:\\\/\\\/souhami-lawoffice.com\\\/politique-de-cookies\\\/#primaryimage\"},\"thumbnailUrl\":\"https:\\\/\\\/souhami-lawoffice.com\\\/wp-content\\\/uploads\\\/2024\\\/12\\\/Souhami-Avocat-Docs.jpeg\",\"datePublished\":\"2024-12-13T10:35:43+00:00\",\"dateModified\":\"2024-12-13T10:38:04+00:00\",\"description\":\"Droit immobilier en Isra\u00ebl : achat, vente, permis de construire, donations, successions, gestion locative. Expertise sur mesure.\",\"breadcrumb\":{\"@id\":\"https:\\\/\\\/souhami-lawoffice.com\\\/politique-de-cookies\\\/#breadcrumb\"},\"inLanguage\":\"he-IL\",\"potentialAction\":[{\"@type\":\"ReadAction\",\"target\":[\"https:\\\/\\\/souhami-lawoffice.com\\\/politique-de-cookies\\\/\"]}]},{\"@type\":\"ImageObject\",\"inLanguage\":\"he-IL\",\"@id\":\"https:\\\/\\\/souhami-lawoffice.com\\\/politique-de-cookies\\\/#primaryimage\",\"url\":\"https:\\\/\\\/souhami-lawoffice.com\\\/wp-content\\\/uploads\\\/2024\\\/12\\\/Souhami-Avocat-Docs.jpeg\",\"contentUrl\":\"https:\\\/\\\/souhami-lawoffice.com\\\/wp-content\\\/uploads\\\/2024\\\/12\\\/Souhami-Avocat-Docs.jpeg\",\"width\":1152,\"height\":896},{\"@type\":\"BreadcrumbList\",\"@id\":\"https:\\\/\\\/souhami-lawoffice.com\\\/politique-de-cookies\\\/#breadcrumb\",\"itemListElement\":[{\"@type\":\"ListItem\",\"position\":1,\"name\":\"Accueil\",\"item\":\"https:\\\/\\\/souhami-lawoffice.com\\\/\"},{\"@type\":\"ListItem\",\"position\":2,\"name\":\"Politique de Cookies\"}]},{\"@type\":\"WebSite\",\"@id\":\"https:\\\/\\\/souhami-lawoffice.com\\\/#website\",\"url\":\"https:\\\/\\\/souhami-lawoffice.com\\\/\",\"name\":\"Avocats immobilier en Isra\u00ebl\",\"description\":\"Souhami&amp;Co\u00a0\u00a0|\u00a0\u00a0Avocats immobilier en Isra\u00ebl\",\"publisher\":{\"@id\":\"https:\\\/\\\/souhami-lawoffice.com\\\/#organization\"},\"potentialAction\":[{\"@type\":\"SearchAction\",\"target\":{\"@type\":\"EntryPoint\",\"urlTemplate\":\"https:\\\/\\\/souhami-lawoffice.com\\\/?s={search_term_string}\"},\"query-input\":{\"@type\":\"PropertyValueSpecification\",\"valueRequired\":true,\"valueName\":\"search_term_string\"}}],\"inLanguage\":\"he-IL\"},{\"@type\":\"Organization\",\"@id\":\"https:\\\/\\\/souhami-lawoffice.com\\\/#organization\",\"name\":\"Avocats immobilier en Isra\u00ebl\",\"url\":\"https:\\\/\\\/souhami-lawoffice.com\\\/\",\"logo\":{\"@type\":\"ImageObject\",\"inLanguage\":\"he-IL\",\"@id\":\"https:\\\/\\\/souhami-lawoffice.com\\\/#\\\/schema\\\/logo\\\/image\\\/\",\"url\":\"https:\\\/\\\/souhami-lawoffice.com\\\/wp-content\\\/uploads\\\/2024\\\/12\\\/Fichier-20.svg\",\"contentUrl\":\"https:\\\/\\\/souhami-lawoffice.com\\\/wp-content\\\/uploads\\\/2024\\\/12\\\/Fichier-20.svg\",\"width\":381,\"height\":78,\"caption\":\"Avocats immobilier en Isra\u00ebl\"},\"image\":{\"@id\":\"https:\\\/\\\/souhami-lawoffice.com\\\/#\\\/schema\\\/logo\\\/image\\\/\"},\"sameAs\":[\"https:\\\/\\\/www.facebook.com\\\/profile.php?id=61571065836789\",\"https:\\\/\\\/www.linkedin.com\\\/in\\\/benjamin-souhami-b25a1098\\\/\",\"https:\\\/\\\/www.instagram.com\\\/souhamiavocats\\\/\"]}]}<\/script>\n<!-- \/ Yoast SEO plugin. -->","yoast_head_json":{"title":"Politique de Cookies - Souhami&amp;Co\u00a0\u00a0|\u00a0\u00a0Avocats immobilier en Isra\u00ebl","description":"Droit immobilier en Isra\u00ebl : achat, vente, permis de construire, donations, successions, gestion locative. Expertise sur mesure.","robots":{"index":"index","follow":"follow","max-snippet":"max-snippet:-1","max-image-preview":"max-image-preview:large","max-video-preview":"max-video-preview:-1"},"canonical":"https:\/\/souhami-lawoffice.com\/he\/politique-de-cookies\/","og_locale":"he_IL","og_type":"article","og_title":"Politique de Cookies - Souhami&amp;Co\u00a0\u00a0|\u00a0\u00a0Avocats immobilier en Isra\u00ebl","og_description":"Droit immobilier en Isra\u00ebl : achat, vente, permis de construire, donations, successions, gestion locative. Expertise sur mesure.","og_url":"https:\/\/souhami-lawoffice.com\/he\/politique-de-cookies\/","og_site_name":"Souhami&amp;Co\u00a0\u00a0|\u00a0\u00a0Avocats immobilier en Isra\u00ebl","article_publisher":"https:\/\/www.facebook.com\/profile.php?id=61571065836789","article_modified_time":"2024-12-13T10:38:04+00:00","og_image":[{"width":1152,"height":896,"url":"https:\/\/souhami-lawoffice.com\/wp-content\/uploads\/2024\/12\/Souhami-Avocat-Docs.jpeg","type":"image\/jpeg"}],"twitter_card":"summary_large_image","twitter_misc":{"\u05d6\u05de\u05df \u05e7\u05e8\u05d9\u05d0\u05d4 \u05de\u05d5\u05e2\u05e8\u05da":"3 \u05d3\u05e7\u05d5\u05ea"},"schema":{"@context":"https:\/\/schema.org","@graph":[{"@type":"WebPage","@id":"https:\/\/souhami-lawoffice.com\/politique-de-cookies\/","url":"https:\/\/souhami-lawoffice.com\/politique-de-cookies\/","name":"Politique de Cookies - Souhami&amp;Co\u00a0\u00a0|\u00a0\u00a0Avocats immobilier en Isra\u00ebl","isPartOf":{"@id":"https:\/\/souhami-lawoffice.com\/#website"},"primaryImageOfPage":{"@id":"https:\/\/souhami-lawoffice.com\/politique-de-cookies\/#primaryimage"},"image":{"@id":"https:\/\/souhami-lawoffice.com\/politique-de-cookies\/#primaryimage"},"thumbnailUrl":"https:\/\/souhami-lawoffice.com\/wp-content\/uploads\/2024\/12\/Souhami-Avocat-Docs.jpeg","datePublished":"2024-12-13T10:35:43+00:00","dateModified":"2024-12-13T10:38:04+00:00","description":"Droit immobilier en Isra\u00ebl : achat, vente, permis de construire, donations, successions, gestion locative. Expertise sur mesure.","breadcrumb":{"@id":"https:\/\/souhami-lawoffice.com\/politique-de-cookies\/#breadcrumb"},"inLanguage":"he-IL","potentialAction":[{"@type":"ReadAction","target":["https:\/\/souhami-lawoffice.com\/politique-de-cookies\/"]}]},{"@type":"ImageObject","inLanguage":"he-IL","@id":"https:\/\/souhami-lawoffice.com\/politique-de-cookies\/#primaryimage","url":"https:\/\/souhami-lawoffice.com\/wp-content\/uploads\/2024\/12\/Souhami-Avocat-Docs.jpeg","contentUrl":"https:\/\/souhami-lawoffice.com\/wp-content\/uploads\/2024\/12\/Souhami-Avocat-Docs.jpeg","width":1152,"height":896},{"@type":"BreadcrumbList","@id":"https:\/\/souhami-lawoffice.com\/politique-de-cookies\/#breadcrumb","itemListElement":[{"@type":"ListItem","position":1,"name":"Accueil","item":"https:\/\/souhami-lawoffice.com\/"},{"@type":"ListItem","position":2,"name":"Politique de Cookies"}]},{"@type":"WebSite","@id":"https:\/\/souhami-lawoffice.com\/#website","url":"https:\/\/souhami-lawoffice.com\/","name":"Avocats immobilier en Isra\u00ebl","description":"Souhami&amp;Co\u00a0\u00a0|\u00a0\u00a0Avocats immobilier en Isra\u00ebl","publisher":{"@id":"https:\/\/souhami-lawoffice.com\/#organization"},"potentialAction":[{"@type":"SearchAction","target":{"@type":"EntryPoint","urlTemplate":"https:\/\/souhami-lawoffice.com\/?s={search_term_string}"},"query-input":{"@type":"PropertyValueSpecification","valueRequired":true,"valueName":"search_term_string"}}],"inLanguage":"he-IL"},{"@type":"Organization","@id":"https:\/\/souhami-lawoffice.com\/#organization","name":"Avocats immobilier en Isra\u00ebl","url":"https:\/\/souhami-lawoffice.com\/","logo":{"@type":"ImageObject","inLanguage":"he-IL","@id":"https:\/\/souhami-lawoffice.com\/#\/schema\/logo\/image\/","url":"https:\/\/souhami-lawoffice.com\/wp-content\/uploads\/2024\/12\/Fichier-20.svg","contentUrl":"https:\/\/souhami-lawoffice.com\/wp-content\/uploads\/2024\/12\/Fichier-20.svg","width":381,"height":78,"caption":"Avocats immobilier en Isra\u00ebl"},"image":{"@id":"https:\/\/souhami-lawoffice.com\/#\/schema\/logo\/image\/"},"sameAs":["https:\/\/www.facebook.com\/profile.php?id=61571065836789","https:\/\/www.linkedin.com\/in\/benjamin-souhami-b25a1098\/","https:\/\/www.instagram.com\/souhamiavocats\/"]}]}},"_links":{"self":[{"href":"https:\/\/souhami-lawoffice.com\/he\/wp-json\/wp\/v2\/pages\/676","targetHints":{"allow":["GET"]}}],"collection":[{"href":"https:\/\/souhami-lawoffice.com\/he\/wp-json\/wp\/v2\/pages"}],"about":[{"href":"https:\/\/souhami-lawoffice.com\/he\/wp-json\/wp\/v2\/types\/page"}],"author":[{"embeddable":true,"href":"https:\/\/souhami-lawoffice.com\/he\/wp-json\/wp\/v2\/users\/1"}],"replies":[{"embeddable":true,"href":"https:\/\/souhami-lawoffice.com\/he\/wp-json\/wp\/v2\/comments?post=676"}],"version-history":[{"count":6,"href":"https:\/\/souhami-lawoffice.com\/he\/wp-json\/wp\/v2\/pages\/676\/revisions"}],"predecessor-version":[{"id":682,"href":"https:\/\/souhami-lawoffice.com\/he\/wp-json\/wp\/v2\/pages\/676\/revisions\/682"}],"wp:featuredmedia":[{"embeddable":true,"href":"https:\/\/souhami-lawoffice.com\/he\/wp-json\/wp\/v2\/media\/666"}],"wp:attachment":[{"href":"https:\/\/souhami-lawoffice.com\/he\/wp-json\/wp\/v2\/media?parent=676"}],"curies":[{"name":"wp","href":"https:\/\/api.w.org\/{rel}","templated":true}]}}