{"id":683,"date":"2024-12-13T10:38:40","date_gmt":"2024-12-13T10:38:40","guid":{"rendered":"https:\/\/souhami-lawoffice.com\/?page_id=683"},"modified":"2024-12-13T10:39:57","modified_gmt":"2024-12-13T10:39:57","slug":"conditions-generales-dutilisation","status":"publish","type":"page","link":"https:\/\/souhami-lawoffice.com\/he\/conditions-generales-dutilisation\/","title":{"rendered":"Conditions G\u00e9n\u00e9rales d&rsquo;Utilisation"},"content":{"rendered":"<div data-elementor-type=\"wp-page\" data-elementor-id=\"683\" class=\"elementor elementor-683\" data-elementor-post-type=\"page\">\n\t\t\t\t<div class=\"elementor-element elementor-element-532d1848 e-flex e-con-boxed e-con e-parent\" data-id=\"532d1848\" data-element_type=\"container\" data-e-type=\"container\" data-settings=\"{&quot;background_background&quot;:&quot;classic&quot;}\">\n\t\t\t\t\t<div class=\"e-con-inner\">\n\t\t<div class=\"elementor-element elementor-element-26fd9388 e-flex e-con-boxed e-con e-child\" data-id=\"26fd9388\" data-element_type=\"container\" data-e-type=\"container\">\n\t\t\t\t\t<div class=\"e-con-inner\">\n\t\t\t\t<div class=\"elementor-element elementor-element-5ed8e766 elementor-widget elementor-widget-heading\" data-id=\"5ed8e766\" data-element_type=\"widget\" data-e-type=\"widget\" data-widget_type=\"heading.default\">\n\t\t\t\t\t<h1 class=\"elementor-heading-title elementor-size-default\">Conditions G\u00e9n\u00e9rales d'Utilisation (CGU)<\/h1>\t\t\t\t<\/div>\n\t\t\t\t\t<\/div>\n\t\t\t\t<\/div>\n\t\t\t\t\t<\/div>\n\t\t\t\t<\/div>\n\t\t<div class=\"elementor-element elementor-element-bd62b7f e-flex e-con-boxed e-con e-parent\" data-id=\"bd62b7f\" data-element_type=\"container\" data-e-type=\"container\">\n\t\t\t\t\t<div class=\"e-con-inner\">\n\t\t\t\t<div class=\"elementor-element elementor-element-cedd953 elementor-widget elementor-widget-text-editor\" data-id=\"cedd953\" data-element_type=\"widget\" data-e-type=\"widget\" data-widget_type=\"text-editor.default\">\n\t\t\t\t\t\t\t\t\t<div class=\"flex-shrink-0 flex flex-col relative items-end\"><div class=\"pt-0\"><div class=\"gizmo-bot-avatar flex h-8 w-8 items-center justify-center overflow-hidden rounded-full\"><h2><strong>1. Objet des CGU<\/strong><\/h2><p>Les pr\u00e9sentes Conditions G\u00e9n\u00e9rales d\u2019Utilisation (CGU) r\u00e9gissent l\u2019acc\u00e8s et l\u2019utilisation du site web du <strong>Cabinet Souhami Avocat<\/strong>. En naviguant sur ce site, vous acceptez sans r\u00e9serve les dispositions \u00e9nonc\u00e9es dans ces CGU. Si vous n\u2019acceptez pas ces conditions, veuillez ne pas utiliser ce site.<\/p><h2><strong>2. Acc\u00e8s au Site<\/strong><\/h2><p>Le site est accessible 24h\/24 et 7j\/7, sauf interruption pour des besoins de maintenance ou en cas de force majeure. Le Cabinet Souhami Avocat ne peut \u00eatre tenu responsable des \u00e9ventuelles indisponibilit\u00e9s du site.<\/p><h2><strong>3. Contenu du Site<\/strong><\/h2><p>Le contenu du site, incluant les textes, images, vid\u00e9os, graphiques et logos, est fourni \u00e0 titre informatif. Le Cabinet Souhami Avocat s\u2019efforce de garantir l\u2019exactitude des informations publi\u00e9es, mais ne peut \u00eatre tenu responsable des erreurs, omissions ou informations obsol\u00e8tes.<\/p><h2><strong>4. Obligations de l\u2019utilisateur<\/strong><\/h2><p>En acc\u00e9dant au site, l\u2019utilisateur s\u2019engage \u00e0 :<\/p><ul><li>Ne pas utiliser le site \u00e0 des fins illicites ou contraires aux bonnes m\u0153urs.<\/li><li>Respecter les droits de propri\u00e9t\u00e9 intellectuelle du Cabinet Souhami Avocat.<\/li><li>Ne pas tenter de perturber le fonctionnement du site ou d\u2019y acc\u00e9der de mani\u00e8re non autoris\u00e9e.<\/li><\/ul><h2><strong>5. Propri\u00e9t\u00e9 Intellectuelle<\/strong><\/h2><p>Le contenu du site, incluant les textes, images, vid\u00e9os, logos et graphismes, est prot\u00e9g\u00e9 par le droit d\u2019auteur et les lois relatives \u00e0 la propri\u00e9t\u00e9 intellectuelle. Toute reproduction, modification ou diffusion, totale ou partielle, est interdite sans autorisation \u00e9crite pr\u00e9alable.<\/p><h2><strong>6. Gestion des Donn\u00e9es Personnelles<\/strong><\/h2><p>Les donn\u00e9es personnelles collect\u00e9es via le formulaire de contact ou d\u2019autres interactions sur le site sont trait\u00e9es conform\u00e9ment \u00e0 notre <strong><a href=\"#\" rel=\"noopener\">Politique de Confidentialit\u00e9<\/a><\/strong> et en respect du R\u00e8glement G\u00e9n\u00e9ral sur la Protection des Donn\u00e9es (RGPD).<\/p><h2><strong>7. Utilisation des Cookies<\/strong><\/h2><p>Le site utilise des cookies pour am\u00e9liorer l\u2019exp\u00e9rience utilisateur. Pour plus d\u2019informations, veuillez consulter notre <strong><a href=\"#\" rel=\"noopener\">Politique de Cookies<\/a><\/strong>.<\/p><h2><strong>8. Responsabilit\u00e9<\/strong><\/h2><p>Le Cabinet Souhami Avocat d\u00e9cline toute responsabilit\u00e9 en cas de :<\/p><ul><li>Mauvaise utilisation du site par l\u2019utilisateur.<\/li><li>Dommages directs ou indirects li\u00e9s \u00e0 l\u2019utilisation ou l\u2019incapacit\u00e9 d\u2019utiliser le site.<\/li><li>Contenu ou fonctionnement des sites externes accessibles via des liens hypertextes pr\u00e9sents sur ce site.<\/li><\/ul><h2><strong>9. Liens Hypertextes<\/strong><\/h2><p>Le site peut contenir des liens vers des sites tiers. Le Cabinet Souhami Avocat n\u2019est pas responsable du contenu ou des pratiques de ces sites. L\u2019inclusion de ces liens ne constitue pas une approbation ou une recommandation de ces contenus externes.<\/p><h2><strong>10. Modification des CGU<\/strong><\/h2><p>Le Cabinet Souhami Avocat se r\u00e9serve le droit de modifier les pr\u00e9sentes CGU \u00e0 tout moment et sans pr\u00e9avis. Les modifications prendront effet d\u00e8s leur publication sur le site. Il est recommand\u00e9 de consulter r\u00e9guli\u00e8rement cette page pour rester inform\u00e9 des mises \u00e0 jour.<\/p><h2><strong>11. Droit Applicable et Juridiction Comp\u00e9tente<\/strong><\/h2><p>Les pr\u00e9sentes CGU sont r\u00e9gies par le droit isra\u00e9lien. En cas de litige, les tribunaux comp\u00e9tents sont ceux du ressort du si\u00e8ge social du Cabinet Souhami Avocat, situ\u00e9 \u00e0 Ramat Gan, Isra\u00ebl.<\/p><\/div><\/div><\/div>\t\t\t\t\t\t\t\t<\/div>\n\t\t\t\t\t<\/div>\n\t\t\t\t<\/div>\n\t\t<div class=\"elementor-element elementor-element-b710b0a e-flex e-con-boxed e-con e-parent\" data-id=\"b710b0a\" data-element_type=\"container\" data-e-type=\"container\" data-settings=\"{&quot;background_background&quot;:&quot;classic&quot;}\">\n\t\t\t\t\t<div class=\"e-con-inner\">\n\t\t<div class=\"elementor-element elementor-element-599fea9 e-con-full e-flex e-con e-child\" data-id=\"599fea9\" data-element_type=\"container\" data-e-type=\"container\" data-settings=\"{&quot;background_background&quot;:&quot;classic&quot;}\">\n\t\t\t\t<div class=\"elementor-element elementor-element-85256a7 elementor-widget elementor-widget-text-editor\" data-id=\"85256a7\" data-element_type=\"widget\" data-e-type=\"widget\" data-widget_type=\"text-editor.default\">\n\t\t\t\t\t\t\t\t\t<h2><strong>\u05e9\u05d0\u05dc\u05d4 \u05de\u05e9\u05e4\u05d8\u05d9\u05ea?<\/strong><\/h2><p>\u05d4\u05de\u05d5\u05de\u05d7\u05d9\u05dd \u05e9\u05dc\u05e0\u05d5 \u05d6\u05de\u05d9\u05e0\u05d9\u05dd \u05dc\u05e2\u05e0\u05d5\u05ea \u05e2\u05dc \u05e9\u05d0\u05dc\u05d5\u05ea\u05d9\u05db\u05dd. \u05e6\u05e8\u05d5 \u05e7\u05e9\u05e8 \u05e2\u05db\u05e9\u05d9\u05d5 \u05dc\u05dc\u05d9\u05d5\u05d5\u05d9 \u05de\u05e9\u05e4\u05d8\u05d9 \u05de\u05d5\u05ea\u05d0\u05dd \u05d0\u05d9\u05e9\u05d9\u05ea. \u05d0\u05e0\u05d5 \u05e0\u05e9\u05d9\u05d1 \u05dc\u05db\u05dd \u05ea\u05d5\u05da 24 \u05e9\u05e2\u05d5\u05ea, \u05d1\u05de\u05d4\u05dc\u05da \u05e9\u05e2\u05d5\u05ea \u05d4\u05e4\u05e2\u05d9\u05dc\u05d5\u05ea \u05e9\u05dc\u05e0\u05d5.<\/p>\t\t\t\t\t\t\t\t<\/div>\n\t\t\t\t<div class=\"elementor-element elementor-element-ccd0f91 elementor-mobile-align-left elementor-widget elementor-widget-button\" data-id=\"ccd0f91\" data-element_type=\"widget\" data-e-type=\"widget\" data-widget_type=\"button.default\">\n\t\t\t\t\t\t\t\t\t\t<a class=\"elementor-button elementor-button-link elementor-size-sm\" href=\"https:\/\/souhami-lawoffice.com\/he\/contact\/\">\n\t\t\t\t\t\t<span class=\"elementor-button-content-wrapper\">\n\t\t\t\t\t\t\t\t\t<span class=\"elementor-button-text\">\u05e6\u05e8\u05d5 \u05e7\u05e9\u05e8 \u05d0\u05d9\u05ea\u05e0\u05d5<\/span>\n\t\t\t\t\t<\/span>\n\t\t\t\t\t<\/a>\n\t\t\t\t\t\t\t\t<\/div>\n\t\t\t\t<\/div>\n\t\t\t\t\t<\/div>\n\t\t\t\t<\/div>\n\t\t\t\t<\/div>","protected":false},"excerpt":{"rendered":"<p>Conditions G\u00e9n\u00e9rales d&rsquo;Utilisation (CGU) 1. Objet des CGU Les pr\u00e9sentes Conditions G\u00e9n\u00e9rales d\u2019Utilisation (CGU) r\u00e9gissent l\u2019acc\u00e8s et l\u2019utilisation du site web du Cabinet Souhami Avocat. En naviguant sur ce site, vous acceptez sans r\u00e9serve les dispositions \u00e9nonc\u00e9es dans ces CGU. Si vous n\u2019acceptez pas ces conditions, veuillez ne pas utiliser ce site. 2. Acc\u00e8s au [&hellip;]<\/p>\n","protected":false},"author":1,"featured_media":666,"parent":0,"menu_order":0,"comment_status":"closed","ping_status":"closed","template":"","meta":{"_monsterinsights_skip_tracking":false,"_monsterinsights_sitenote_active":false,"_monsterinsights_sitenote_note":"","_monsterinsights_sitenote_category":0,"_joinchat":[],"footnotes":""},"class_list":["post-683","page","type-page","status-publish","has-post-thumbnail","hentry"],"yoast_head":"<!-- This site is optimized with the Yoast SEO plugin v27.4 - https:\/\/yoast.com\/product\/yoast-seo-wordpress\/ -->\n<title>Conditions G\u00e9n\u00e9rales d&#039;Utilisation - Souhami&amp;Co\u00a0\u00a0|\u00a0\u00a0Avocats immobilier en Isra\u00ebl<\/title>\n<meta name=\"description\" content=\"Droit immobilier en Isra\u00ebl : achat, vente, permis de construire, donations, successions, gestion locative. Expertise sur mesure.\" \/>\n<meta name=\"robots\" content=\"index, follow, max-snippet:-1, max-image-preview:large, max-video-preview:-1\" \/>\n<link rel=\"canonical\" href=\"https:\/\/souhami-lawoffice.com\/he\/conditions-generales-dutilisation\/\" \/>\n<meta property=\"og:locale\" content=\"he_IL\" \/>\n<meta property=\"og:type\" content=\"article\" \/>\n<meta property=\"og:title\" content=\"Conditions G\u00e9n\u00e9rales d&#039;Utilisation - Souhami&amp;Co\u00a0\u00a0|\u00a0\u00a0Avocats immobilier en Isra\u00ebl\" \/>\n<meta property=\"og:description\" content=\"Droit immobilier en Isra\u00ebl : achat, vente, permis de construire, donations, successions, gestion locative. Expertise sur mesure.\" \/>\n<meta property=\"og:url\" content=\"https:\/\/souhami-lawoffice.com\/he\/conditions-generales-dutilisation\/\" \/>\n<meta property=\"og:site_name\" content=\"Souhami&amp;Co\u00a0\u00a0|\u00a0\u00a0Avocats immobilier en Isra\u00ebl\" \/>\n<meta property=\"article:publisher\" content=\"https:\/\/www.facebook.com\/profile.php?id=61571065836789\" \/>\n<meta property=\"article:modified_time\" content=\"2024-12-13T10:39:57+00:00\" \/>\n<meta property=\"og:image\" content=\"https:\/\/souhami-lawoffice.com\/wp-content\/uploads\/2024\/12\/Souhami-Avocat-Docs.jpeg\" \/>\n\t<meta property=\"og:image:width\" content=\"1152\" \/>\n\t<meta property=\"og:image:height\" content=\"896\" \/>\n\t<meta property=\"og:image:type\" content=\"image\/jpeg\" \/>\n<meta name=\"twitter:card\" content=\"summary_large_image\" \/>\n<meta name=\"twitter:label1\" content=\"\u05d6\u05de\u05df \u05e7\u05e8\u05d9\u05d0\u05d4 \u05de\u05d5\u05e2\u05e8\u05da\" \/>\n\t<meta name=\"twitter:data1\" content=\"3 \u05d3\u05e7\u05d5\u05ea\" \/>\n<script type=\"application\/ld+json\" class=\"yoast-schema-graph\">{\"@context\":\"https:\\\/\\\/schema.org\",\"@graph\":[{\"@type\":\"WebPage\",\"@id\":\"https:\\\/\\\/souhami-lawoffice.com\\\/conditions-generales-dutilisation\\\/\",\"url\":\"https:\\\/\\\/souhami-lawoffice.com\\\/conditions-generales-dutilisation\\\/\",\"name\":\"Conditions G\u00e9n\u00e9rales d'Utilisation - Souhami&amp;Co\u00a0\u00a0|\u00a0\u00a0Avocats immobilier en Isra\u00ebl\",\"isPartOf\":{\"@id\":\"https:\\\/\\\/souhami-lawoffice.com\\\/#website\"},\"primaryImageOfPage\":{\"@id\":\"https:\\\/\\\/souhami-lawoffice.com\\\/conditions-generales-dutilisation\\\/#primaryimage\"},\"image\":{\"@id\":\"https:\\\/\\\/souhami-lawoffice.com\\\/conditions-generales-dutilisation\\\/#primaryimage\"},\"thumbnailUrl\":\"https:\\\/\\\/souhami-lawoffice.com\\\/wp-content\\\/uploads\\\/2024\\\/12\\\/Souhami-Avocat-Docs.jpeg\",\"datePublished\":\"2024-12-13T10:38:40+00:00\",\"dateModified\":\"2024-12-13T10:39:57+00:00\",\"description\":\"Droit immobilier en Isra\u00ebl : achat, vente, permis de construire, donations, successions, gestion locative. Expertise sur mesure.\",\"breadcrumb\":{\"@id\":\"https:\\\/\\\/souhami-lawoffice.com\\\/conditions-generales-dutilisation\\\/#breadcrumb\"},\"inLanguage\":\"he-IL\",\"potentialAction\":[{\"@type\":\"ReadAction\",\"target\":[\"https:\\\/\\\/souhami-lawoffice.com\\\/conditions-generales-dutilisation\\\/\"]}]},{\"@type\":\"ImageObject\",\"inLanguage\":\"he-IL\",\"@id\":\"https:\\\/\\\/souhami-lawoffice.com\\\/conditions-generales-dutilisation\\\/#primaryimage\",\"url\":\"https:\\\/\\\/souhami-lawoffice.com\\\/wp-content\\\/uploads\\\/2024\\\/12\\\/Souhami-Avocat-Docs.jpeg\",\"contentUrl\":\"https:\\\/\\\/souhami-lawoffice.com\\\/wp-content\\\/uploads\\\/2024\\\/12\\\/Souhami-Avocat-Docs.jpeg\",\"width\":1152,\"height\":896},{\"@type\":\"BreadcrumbList\",\"@id\":\"https:\\\/\\\/souhami-lawoffice.com\\\/conditions-generales-dutilisation\\\/#breadcrumb\",\"itemListElement\":[{\"@type\":\"ListItem\",\"position\":1,\"name\":\"Accueil\",\"item\":\"https:\\\/\\\/souhami-lawoffice.com\\\/\"},{\"@type\":\"ListItem\",\"position\":2,\"name\":\"Conditions G\u00e9n\u00e9rales d&rsquo;Utilisation\"}]},{\"@type\":\"WebSite\",\"@id\":\"https:\\\/\\\/souhami-lawoffice.com\\\/#website\",\"url\":\"https:\\\/\\\/souhami-lawoffice.com\\\/\",\"name\":\"Avocats immobilier en Isra\u00ebl\",\"description\":\"Souhami&amp;Co\u00a0\u00a0|\u00a0\u00a0Avocats immobilier en Isra\u00ebl\",\"publisher\":{\"@id\":\"https:\\\/\\\/souhami-lawoffice.com\\\/#organization\"},\"potentialAction\":[{\"@type\":\"SearchAction\",\"target\":{\"@type\":\"EntryPoint\",\"urlTemplate\":\"https:\\\/\\\/souhami-lawoffice.com\\\/?s={search_term_string}\"},\"query-input\":{\"@type\":\"PropertyValueSpecification\",\"valueRequired\":true,\"valueName\":\"search_term_string\"}}],\"inLanguage\":\"he-IL\"},{\"@type\":\"Organization\",\"@id\":\"https:\\\/\\\/souhami-lawoffice.com\\\/#organization\",\"name\":\"Avocats immobilier en Isra\u00ebl\",\"url\":\"https:\\\/\\\/souhami-lawoffice.com\\\/\",\"logo\":{\"@type\":\"ImageObject\",\"inLanguage\":\"he-IL\",\"@id\":\"https:\\\/\\\/souhami-lawoffice.com\\\/#\\\/schema\\\/logo\\\/image\\\/\",\"url\":\"https:\\\/\\\/souhami-lawoffice.com\\\/wp-content\\\/uploads\\\/2024\\\/12\\\/Fichier-20.svg\",\"contentUrl\":\"https:\\\/\\\/souhami-lawoffice.com\\\/wp-content\\\/uploads\\\/2024\\\/12\\\/Fichier-20.svg\",\"width\":381,\"height\":78,\"caption\":\"Avocats immobilier en Isra\u00ebl\"},\"image\":{\"@id\":\"https:\\\/\\\/souhami-lawoffice.com\\\/#\\\/schema\\\/logo\\\/image\\\/\"},\"sameAs\":[\"https:\\\/\\\/www.facebook.com\\\/profile.php?id=61571065836789\",\"https:\\\/\\\/www.linkedin.com\\\/in\\\/benjamin-souhami-b25a1098\\\/\",\"https:\\\/\\\/www.instagram.com\\\/souhamiavocats\\\/\"]}]}<\/script>\n<!-- \/ Yoast SEO plugin. -->","yoast_head_json":{"title":"Conditions G\u00e9n\u00e9rales d'Utilisation - Souhami&amp;Co\u00a0\u00a0|\u00a0\u00a0Avocats immobilier en Isra\u00ebl","description":"Droit immobilier en Isra\u00ebl : achat, vente, permis de construire, donations, successions, gestion locative. Expertise sur mesure.","robots":{"index":"index","follow":"follow","max-snippet":"max-snippet:-1","max-image-preview":"max-image-preview:large","max-video-preview":"max-video-preview:-1"},"canonical":"https:\/\/souhami-lawoffice.com\/he\/conditions-generales-dutilisation\/","og_locale":"he_IL","og_type":"article","og_title":"Conditions G\u00e9n\u00e9rales d'Utilisation - Souhami&amp;Co\u00a0\u00a0|\u00a0\u00a0Avocats immobilier en Isra\u00ebl","og_description":"Droit immobilier en Isra\u00ebl : achat, vente, permis de construire, donations, successions, gestion locative. Expertise sur mesure.","og_url":"https:\/\/souhami-lawoffice.com\/he\/conditions-generales-dutilisation\/","og_site_name":"Souhami&amp;Co\u00a0\u00a0|\u00a0\u00a0Avocats immobilier en Isra\u00ebl","article_publisher":"https:\/\/www.facebook.com\/profile.php?id=61571065836789","article_modified_time":"2024-12-13T10:39:57+00:00","og_image":[{"width":1152,"height":896,"url":"https:\/\/souhami-lawoffice.com\/wp-content\/uploads\/2024\/12\/Souhami-Avocat-Docs.jpeg","type":"image\/jpeg"}],"twitter_card":"summary_large_image","twitter_misc":{"\u05d6\u05de\u05df \u05e7\u05e8\u05d9\u05d0\u05d4 \u05de\u05d5\u05e2\u05e8\u05da":"3 \u05d3\u05e7\u05d5\u05ea"},"schema":{"@context":"https:\/\/schema.org","@graph":[{"@type":"WebPage","@id":"https:\/\/souhami-lawoffice.com\/conditions-generales-dutilisation\/","url":"https:\/\/souhami-lawoffice.com\/conditions-generales-dutilisation\/","name":"Conditions G\u00e9n\u00e9rales d'Utilisation - Souhami&amp;Co\u00a0\u00a0|\u00a0\u00a0Avocats immobilier en Isra\u00ebl","isPartOf":{"@id":"https:\/\/souhami-lawoffice.com\/#website"},"primaryImageOfPage":{"@id":"https:\/\/souhami-lawoffice.com\/conditions-generales-dutilisation\/#primaryimage"},"image":{"@id":"https:\/\/souhami-lawoffice.com\/conditions-generales-dutilisation\/#primaryimage"},"thumbnailUrl":"https:\/\/souhami-lawoffice.com\/wp-content\/uploads\/2024\/12\/Souhami-Avocat-Docs.jpeg","datePublished":"2024-12-13T10:38:40+00:00","dateModified":"2024-12-13T10:39:57+00:00","description":"Droit immobilier en Isra\u00ebl : achat, vente, permis de construire, donations, successions, gestion locative. Expertise sur mesure.","breadcrumb":{"@id":"https:\/\/souhami-lawoffice.com\/conditions-generales-dutilisation\/#breadcrumb"},"inLanguage":"he-IL","potentialAction":[{"@type":"ReadAction","target":["https:\/\/souhami-lawoffice.com\/conditions-generales-dutilisation\/"]}]},{"@type":"ImageObject","inLanguage":"he-IL","@id":"https:\/\/souhami-lawoffice.com\/conditions-generales-dutilisation\/#primaryimage","url":"https:\/\/souhami-lawoffice.com\/wp-content\/uploads\/2024\/12\/Souhami-Avocat-Docs.jpeg","contentUrl":"https:\/\/souhami-lawoffice.com\/wp-content\/uploads\/2024\/12\/Souhami-Avocat-Docs.jpeg","width":1152,"height":896},{"@type":"BreadcrumbList","@id":"https:\/\/souhami-lawoffice.com\/conditions-generales-dutilisation\/#breadcrumb","itemListElement":[{"@type":"ListItem","position":1,"name":"Accueil","item":"https:\/\/souhami-lawoffice.com\/"},{"@type":"ListItem","position":2,"name":"Conditions G\u00e9n\u00e9rales d&rsquo;Utilisation"}]},{"@type":"WebSite","@id":"https:\/\/souhami-lawoffice.com\/#website","url":"https:\/\/souhami-lawoffice.com\/","name":"Avocats immobilier en Isra\u00ebl","description":"Souhami&amp;Co\u00a0\u00a0|\u00a0\u00a0Avocats immobilier en Isra\u00ebl","publisher":{"@id":"https:\/\/souhami-lawoffice.com\/#organization"},"potentialAction":[{"@type":"SearchAction","target":{"@type":"EntryPoint","urlTemplate":"https:\/\/souhami-lawoffice.com\/?s={search_term_string}"},"query-input":{"@type":"PropertyValueSpecification","valueRequired":true,"valueName":"search_term_string"}}],"inLanguage":"he-IL"},{"@type":"Organization","@id":"https:\/\/souhami-lawoffice.com\/#organization","name":"Avocats immobilier en Isra\u00ebl","url":"https:\/\/souhami-lawoffice.com\/","logo":{"@type":"ImageObject","inLanguage":"he-IL","@id":"https:\/\/souhami-lawoffice.com\/#\/schema\/logo\/image\/","url":"https:\/\/souhami-lawoffice.com\/wp-content\/uploads\/2024\/12\/Fichier-20.svg","contentUrl":"https:\/\/souhami-lawoffice.com\/wp-content\/uploads\/2024\/12\/Fichier-20.svg","width":381,"height":78,"caption":"Avocats immobilier en Isra\u00ebl"},"image":{"@id":"https:\/\/souhami-lawoffice.com\/#\/schema\/logo\/image\/"},"sameAs":["https:\/\/www.facebook.com\/profile.php?id=61571065836789","https:\/\/www.linkedin.com\/in\/benjamin-souhami-b25a1098\/","https:\/\/www.instagram.com\/souhamiavocats\/"]}]}},"_links":{"self":[{"href":"https:\/\/souhami-lawoffice.com\/he\/wp-json\/wp\/v2\/pages\/683","targetHints":{"allow":["GET"]}}],"collection":[{"href":"https:\/\/souhami-lawoffice.com\/he\/wp-json\/wp\/v2\/pages"}],"about":[{"href":"https:\/\/souhami-lawoffice.com\/he\/wp-json\/wp\/v2\/types\/page"}],"author":[{"embeddable":true,"href":"https:\/\/souhami-lawoffice.com\/he\/wp-json\/wp\/v2\/users\/1"}],"replies":[{"embeddable":true,"href":"https:\/\/souhami-lawoffice.com\/he\/wp-json\/wp\/v2\/comments?post=683"}],"version-history":[{"count":6,"href":"https:\/\/souhami-lawoffice.com\/he\/wp-json\/wp\/v2\/pages\/683\/revisions"}],"predecessor-version":[{"id":689,"href":"https:\/\/souhami-lawoffice.com\/he\/wp-json\/wp\/v2\/pages\/683\/revisions\/689"}],"wp:featuredmedia":[{"embeddable":true,"href":"https:\/\/souhami-lawoffice.com\/he\/wp-json\/wp\/v2\/media\/666"}],"wp:attachment":[{"href":"https:\/\/souhami-lawoffice.com\/he\/wp-json\/wp\/v2\/media?parent=683"}],"curies":[{"name":"wp","href":"https:\/\/api.w.org\/{rel}","templated":true}]}}