{"id":954,"date":"2025-03-24T14:36:28","date_gmt":"2025-03-24T14:36:28","guid":{"rendered":"https:\/\/souhami-lawoffice.com\/?page_id=954"},"modified":"2025-04-24T12:02:30","modified_gmt":"2025-04-24T12:02:30","slug":"nos-services","status":"publish","type":"page","link":"https:\/\/souhami-lawoffice.com\/he\/nos-services\/","title":{"rendered":"Nos services\u200b"},"content":{"rendered":"<div data-elementor-type=\"wp-page\" data-elementor-id=\"954\" class=\"elementor elementor-954\" data-elementor-post-type=\"page\">\n\t\t\t\t<div class=\"elementor-element elementor-element-0668b8f e-flex e-con-boxed e-con e-parent\" data-id=\"0668b8f\" data-element_type=\"container\" data-e-type=\"container\" data-settings=\"{&quot;background_background&quot;:&quot;classic&quot;}\">\n\t\t\t\t\t<div class=\"e-con-inner\">\n\t\t<div class=\"elementor-element elementor-element-9413a9c e-flex e-con-boxed e-con e-child\" data-id=\"9413a9c\" data-element_type=\"container\" data-e-type=\"container\">\n\t\t\t\t\t<div class=\"e-con-inner\">\n\t\t\t\t<div class=\"elementor-element elementor-element-85f3002 elementor-widget elementor-widget-heading\" data-id=\"85f3002\" data-element_type=\"widget\" data-e-type=\"widget\" data-widget_type=\"heading.default\">\n\t\t\t\t\t<h1 class=\"elementor-heading-title elementor-size-default\">\u05ea\u05d7\u05d5\u05de\u05d9 \u05d4\u05e9\u05d9\u05e8\u05d5\u05ea \u05e9\u05dc\u05e0\u05d5<\/h1>\t\t\t\t<\/div>\n\t\t\t\t\t<\/div>\n\t\t\t\t<\/div>\n\t\t\t\t\t<\/div>\n\t\t\t\t<\/div>\n\t\t<div class=\"elementor-element elementor-element-1b319eb e-flex e-con-boxed e-con e-parent\" data-id=\"1b319eb\" data-element_type=\"container\" data-e-type=\"container\">\n\t\t\t\t\t<div class=\"e-con-inner\">\n\t\t<div class=\"elementor-element elementor-element-ace7e4e e-con-full e-flex e-con e-child\" data-id=\"ace7e4e\" data-element_type=\"container\" data-e-type=\"container\">\n\t\t<div class=\"elementor-element elementor-element-bf4a521 e-con-full e-flex e-con e-child\" data-id=\"bf4a521\" data-element_type=\"container\" data-e-type=\"container\">\n\t\t<div class=\"elementor-element elementor-element-b43b154 e-con-full e-flex e-con e-child\" data-id=\"b43b154\" data-element_type=\"container\" data-e-type=\"container\">\n\t\t\t\t<div class=\"elementor-element elementor-element-7464aad elementor-widget elementor-widget-text-editor\" data-id=\"7464aad\" data-element_type=\"widget\" data-e-type=\"widget\" data-widget_type=\"text-editor.default\">\n\t\t\t\t\t\t\t\t\t<h2><strong>\u05e0\u05d9\u05d4\u05d5\u05dc \u05e0\u05db\u05e1\u05d9\u05dd \u05dc\u05d4\u05e9\u05db\u05e8\u05d4<\/strong><\/h2><p>\u05e0\u05d9\u05d4\u05d5\u05dc \u05e0\u05db\u05e1\u05d9\u05dd \u05d1\u05d9\u05e9\u05e8\u05d0\u05dc: \u05dc\u05de\u05d4 \u05e2\u05d3\u05d9\u05e3 \u05e2\u05d5\u05e8\u05da \u05d3\u05d9\u05df \u05e2\u05dc \u05e4\u05e0\u05d9 \u05de\u05ea\u05d5\u05d5\u05da?<\/p><p>\u05d1\u05d7\u05d9\u05e8\u05d4 \u05d1\u05e2\u05d5\u05e8\u05da \u05d3\u05d9\u05df \u05de\u05d5\u05de\u05d7\u05d4 \u05dc\u05e0\u05d9\u05d4\u05d5\u05dc \u05e0\u05db\u05e1\u05d9\u05db\u05dd \u05de\u05e2\u05e0\u05d9\u05e7\u05d4 \u05d4\u05d2\u05e0\u05d4 \u05de\u05e9\u05e4\u05d8\u05d9\u05ea \u05de\u05e7\u05d9\u05e4\u05d4. \u05d1\u05e0\u05d9\u05d2\u05d5\u05d3 \u05dc\u05de\u05ea\u05d5\u05d5\u05da, \u05e2\u05d5\u05e8\u05da \u05d3\u05d9\u05df \u05d1\u05e7\u05d9\u05d0 \u05d1\u05db\u05dc \u05d4\u05d9\u05d1\u05d8\u05d9 \u05d4\u05d7\u05d5\u05e7 \u05d5\u05d4\u05de\u05e9\u05e4\u05d8 \u05d1\u05ea\u05d7\u05d5\u05dd \u05d4\u05e0\u05d3\u05dc\"\u05df \u05d5\u05d4\u05e9\u05db\u05d9\u05e8\u05d5\u05ea \u05d1\u05d9\u05e9\u05e8\u05d0\u05dc, \u05de\u05d4 \u05e9\u05de\u05d1\u05d8\u05d9\u05d7:<\/p>\t\t\t\t\t\t\t\t<\/div>\n\t\t\t\t<div class=\"elementor-element elementor-element-f06dc05 elementor-icon-list--layout-traditional elementor-list-item-link-full_width elementor-widget elementor-widget-icon-list\" data-id=\"f06dc05\" data-element_type=\"widget\" data-e-type=\"widget\" data-widget_type=\"icon-list.default\">\n\t\t\t\t\t\t\t<ul class=\"elementor-icon-list-items\">\n\t\t\t\t\t\t\t<li class=\"elementor-icon-list-item\">\n\t\t\t\t\t\t\t\t\t\t\t<span class=\"elementor-icon-list-icon\">\n\t\t\t\t\t\t\t<svg aria-hidden=\"true\" class=\"e-font-icon-svg e-fas-check\" viewbox=\"0 0 512 512\" xmlns=\"http:\/\/www.w3.org\/2000\/svg\"><path d=\"M173.898 439.404l-166.4-166.4c-9.997-9.997-9.997-26.206 0-36.204l36.203-36.204c9.997-9.998 26.207-9.998 36.204 0L192 312.69 432.095 72.596c9.997-9.997 26.207-9.997 36.204 0l36.203 36.204c9.997 9.997 9.997 26.206 0 36.204l-294.4 294.401c-9.998 9.997-26.207 9.997-36.204-.001z\"><\/path><\/svg>\t\t\t\t\t\t<\/span>\n\t\t\t\t\t\t\t\t\t\t<span class=\"elementor-icon-list-text\">\u05e2\u05e8\u05d9\u05db\u05ea \u05d7\u05d5\u05d6\u05d9 \u05e9\u05db\u05d9\u05e8\u05d5\u05ea \u05d7\u05d6\u05e7\u05d9\u05dd \u05d5\u05de\u05d5\u05ea\u05d0\u05de\u05d9\u05dd \u05d0\u05d9\u05e9\u05d9\u05ea, \u05d1\u05d4\u05ea\u05d0\u05dd \u05dc\u05d7\u05d5\u05e7 \u05d5\u05dc\u05e6\u05e8\u05db\u05d9 \u05d1\u05e2\u05dc \u05d4\u05e0\u05db\u05e1.<\/span>\n\t\t\t\t\t\t\t\t\t<\/li>\n\t\t\t\t\t\t\t\t<li class=\"elementor-icon-list-item\">\n\t\t\t\t\t\t\t\t\t\t\t<span class=\"elementor-icon-list-icon\">\n\t\t\t\t\t\t\t<svg aria-hidden=\"true\" class=\"e-font-icon-svg e-fas-check\" viewbox=\"0 0 512 512\" xmlns=\"http:\/\/www.w3.org\/2000\/svg\"><path d=\"M173.898 439.404l-166.4-166.4c-9.997-9.997-9.997-26.206 0-36.204l36.203-36.204c9.997-9.998 26.207-9.998 36.204 0L192 312.69 432.095 72.596c9.997-9.997 26.207-9.997 36.204 0l36.203 36.204c9.997 9.997 9.997 26.206 0 36.204l-294.4 294.401c-9.998 9.997-26.207 9.997-36.204-.001z\"><\/path><\/svg>\t\t\t\t\t\t<\/span>\n\t\t\t\t\t\t\t\t\t\t<span class=\"elementor-icon-list-text\">\u05d8\u05d9\u05e4\u05d5\u05dc \u05de\u05e9\u05e4\u05d8\u05d9 \u05d9\u05e9\u05d9\u05e8 \u05d1\u05de\u05e7\u05e8\u05d9\u05dd \u05e9\u05dc \u05e1\u05db\u05e1\u05d5\u05db\u05d9\u05dd \u05d5\u05d0\u05d9-\u05ea\u05e9\u05dc\u05d5\u05dd, \u05dc\u05dc\u05d0 \u05ea\u05dc\u05d5\u05ea \u05d1\u05d2\u05d5\u05e8\u05de\u05d9\u05dd \u05d7\u05d9\u05e6\u05d5\u05e0\u05d9\u05d9\u05dd.<\/span>\n\t\t\t\t\t\t\t\t\t<\/li>\n\t\t\t\t\t\t\t\t<li class=\"elementor-icon-list-item\">\n\t\t\t\t\t\t\t\t\t\t\t<span class=\"elementor-icon-list-icon\">\n\t\t\t\t\t\t\t<svg aria-hidden=\"true\" class=\"e-font-icon-svg e-fas-check\" viewbox=\"0 0 512 512\" xmlns=\"http:\/\/www.w3.org\/2000\/svg\"><path d=\"M173.898 439.404l-166.4-166.4c-9.997-9.997-9.997-26.206 0-36.204l36.203-36.204c9.997-9.998 26.207-9.998 36.204 0L192 312.69 432.095 72.596c9.997-9.997 26.207-9.997 36.204 0l36.203 36.204c9.997 9.997 9.997 26.206 0 36.204l-294.4 294.401c-9.998 9.997-26.207 9.997-36.204-.001z\"><\/path><\/svg>\t\t\t\t\t\t<\/span>\n\t\t\t\t\t\t\t\t\t\t<span class=\"elementor-icon-list-text\">\u05e9\u05de\u05d9\u05e8\u05d4 \u05e2\u05dc \u05d6\u05db\u05d5\u05d9\u05d5\u05ea \u05d1\u05e2\u05dc \u05d4\u05e0\u05db\u05e1, \u05ea\u05d5\u05da \u05d4\u05e7\u05e4\u05d3\u05d4 \u05e2\u05dc \u05de\u05d9\u05dc\u05d5\u05d9 \u05db\u05dc \u05d4\u05d4\u05ea\u05d7\u05d9\u05d9\u05d1\u05d5\u05d9\u05d5\u05ea \u05d4\u05de\u05e9\u05e4\u05d8\u05d9\u05d5\u05ea \u05d5\u05e6\u05de\u05e6\u05d5\u05dd \u05e1\u05d9\u05db\u05d5\u05e0\u05d9\u05dd.<\/span>\n\t\t\t\t\t\t\t\t\t<\/li>\n\t\t\t\t\t\t<\/ul>\n\t\t\t\t\t\t<\/div>\n\t\t\t\t<div class=\"elementor-element elementor-element-5e0909b elementor-widget elementor-widget-text-editor\" data-id=\"5e0909b\" data-element_type=\"widget\" data-e-type=\"widget\" data-widget_type=\"text-editor.default\">\n\t\t\t\t\t\t\t\t\t<p>\u05d1\u05d7\u05d9\u05e8\u05d4 \u05d1\u05e2\u05d5\u05e8\u05da \u05d3\u05d9\u05df \u05dc\u05e0\u05d9\u05d4\u05d5\u05dc \u05e0\u05db\u05e1\u05d9\u05dd \u05d4\u05d9\u05d0 \u05d4\u05d3\u05e8\u05da \u05d4\u05d1\u05d8\u05d5\u05d7\u05d4 \u05dc\u05d4\u05d1\u05d8\u05d9\u05d7 \u05e8\u05d0\u05e9 \u05e9\u05e7\u05d8 \u05d5\u05d4\u05d2\u05e0\u05d4 \u05de\u05d9\u05d8\u05d1\u05d9\u05ea \u05e2\u05dc \u05d4\u05d4\u05e9\u05e7\u05e2\u05d4 \u05e9\u05dc\u05db\u05dd.<\/p>\t\t\t\t\t\t\t\t<\/div>\n\t\t\t\t<\/div>\n\t\t\t\t<\/div>\n\t\t\t\t<\/div>\n\t\t<div class=\"elementor-element elementor-element-18ad636 e-con-full e-flex e-con e-child\" data-id=\"18ad636\" data-element_type=\"container\" data-e-type=\"container\" data-settings=\"{&quot;background_background&quot;:&quot;classic&quot;}\">\n\t\t\t\t<div class=\"elementor-element elementor-element-513c5a2 elementor-widget elementor-widget-spacer\" data-id=\"513c5a2\" data-element_type=\"widget\" data-e-type=\"widget\" data-widget_type=\"spacer.default\">\n\t\t\t\t\t\t\t<div class=\"elementor-spacer\">\n\t\t\t<div class=\"elementor-spacer-inner\"><\/div>\n\t\t<\/div>\n\t\t\t\t\t\t<\/div>\n\t\t\t\t<\/div>\n\t\t\t\t\t<\/div>\n\t\t\t\t<\/div>\n\t\t\t\t<\/div>","protected":false},"excerpt":{"rendered":"<p>Nos services Gestion locative Gestion locative en Isra\u00ebl : pourquoi choisir un avocat plut\u00f4t qu\u2019un agent immobilier ? Confier la gestion locative de son bien \u00e0 un avocat sp\u00e9cialis\u00e9 offre une protection juridique renforc\u00e9e. Contrairement \u00e0 un agent immobilier, un avocat ma\u00eetrise les aspects l\u00e9gaux complexes du droit immobilier et locatif en Isra\u00ebl, ce qui [&hellip;]<\/p>\n","protected":false},"author":1,"featured_media":0,"parent":0,"menu_order":0,"comment_status":"closed","ping_status":"closed","template":"","meta":{"_monsterinsights_skip_tracking":false,"_monsterinsights_sitenote_active":false,"_monsterinsights_sitenote_note":"","_monsterinsights_sitenote_category":0,"_joinchat":[],"footnotes":""},"class_list":["post-954","page","type-page","status-publish","hentry"],"yoast_head":"<!-- This site is optimized with the Yoast SEO plugin v27.4 - https:\/\/yoast.com\/product\/yoast-seo-wordpress\/ -->\n<title>Nos services\u200b - Souhami&amp;Co\u00a0\u00a0|\u00a0\u00a0Avocats immobilier en Isra\u00ebl<\/title>\n<meta name=\"robots\" content=\"index, follow, max-snippet:-1, max-image-preview:large, max-video-preview:-1\" \/>\n<link rel=\"canonical\" href=\"https:\/\/souhami-lawoffice.com\/he\/nos-services\/\" \/>\n<meta property=\"og:locale\" content=\"he_IL\" \/>\n<meta property=\"og:type\" content=\"article\" \/>\n<meta property=\"og:title\" content=\"Nos services\u200b - Souhami&amp;Co\u00a0\u00a0|\u00a0\u00a0Avocats immobilier en Isra\u00ebl\" \/>\n<meta property=\"og:description\" content=\"Nos services Gestion locative Gestion locative en Isra\u00ebl : pourquoi choisir un avocat plut\u00f4t qu\u2019un agent immobilier ? Confier la gestion locative de son bien \u00e0 un avocat sp\u00e9cialis\u00e9 offre une protection juridique renforc\u00e9e. Contrairement \u00e0 un agent immobilier, un avocat ma\u00eetrise les aspects l\u00e9gaux complexes du droit immobilier et locatif en Isra\u00ebl, ce qui [&hellip;]\" \/>\n<meta property=\"og:url\" content=\"https:\/\/souhami-lawoffice.com\/he\/nos-services\/\" \/>\n<meta property=\"og:site_name\" content=\"Souhami&amp;Co\u00a0\u00a0|\u00a0\u00a0Avocats immobilier en Isra\u00ebl\" \/>\n<meta property=\"article:publisher\" content=\"https:\/\/www.facebook.com\/profile.php?id=61571065836789\" \/>\n<meta property=\"article:modified_time\" content=\"2025-04-24T12:02:30+00:00\" \/>\n<meta name=\"twitter:card\" content=\"summary_large_image\" \/>\n<meta name=\"twitter:label1\" content=\"\u05d6\u05de\u05df \u05e7\u05e8\u05d9\u05d0\u05d4 \u05de\u05d5\u05e2\u05e8\u05da\" \/>\n\t<meta name=\"twitter:data1\" content=\"\u05d3\u05e7\u05d41\" \/>\n<script type=\"application\/ld+json\" class=\"yoast-schema-graph\">{\"@context\":\"https:\\\/\\\/schema.org\",\"@graph\":[{\"@type\":\"WebPage\",\"@id\":\"https:\\\/\\\/souhami-lawoffice.com\\\/nos-services\\\/\",\"url\":\"https:\\\/\\\/souhami-lawoffice.com\\\/nos-services\\\/\",\"name\":\"Nos services\u200b - Souhami&amp;Co\u00a0\u00a0|\u00a0\u00a0Avocats immobilier en Isra\u00ebl\",\"isPartOf\":{\"@id\":\"https:\\\/\\\/souhami-lawoffice.com\\\/#website\"},\"datePublished\":\"2025-03-24T14:36:28+00:00\",\"dateModified\":\"2025-04-24T12:02:30+00:00\",\"breadcrumb\":{\"@id\":\"https:\\\/\\\/souhami-lawoffice.com\\\/nos-services\\\/#breadcrumb\"},\"inLanguage\":\"he-IL\",\"potentialAction\":[{\"@type\":\"ReadAction\",\"target\":[\"https:\\\/\\\/souhami-lawoffice.com\\\/nos-services\\\/\"]}]},{\"@type\":\"BreadcrumbList\",\"@id\":\"https:\\\/\\\/souhami-lawoffice.com\\\/nos-services\\\/#breadcrumb\",\"itemListElement\":[{\"@type\":\"ListItem\",\"position\":1,\"name\":\"Accueil\",\"item\":\"https:\\\/\\\/souhami-lawoffice.com\\\/\"},{\"@type\":\"ListItem\",\"position\":2,\"name\":\"Nos services\u200b\"}]},{\"@type\":\"WebSite\",\"@id\":\"https:\\\/\\\/souhami-lawoffice.com\\\/#website\",\"url\":\"https:\\\/\\\/souhami-lawoffice.com\\\/\",\"name\":\"Avocats immobilier en Isra\u00ebl\",\"description\":\"Souhami&amp;Co\u00a0\u00a0|\u00a0\u00a0Avocats immobilier en Isra\u00ebl\",\"publisher\":{\"@id\":\"https:\\\/\\\/souhami-lawoffice.com\\\/#organization\"},\"potentialAction\":[{\"@type\":\"SearchAction\",\"target\":{\"@type\":\"EntryPoint\",\"urlTemplate\":\"https:\\\/\\\/souhami-lawoffice.com\\\/?s={search_term_string}\"},\"query-input\":{\"@type\":\"PropertyValueSpecification\",\"valueRequired\":true,\"valueName\":\"search_term_string\"}}],\"inLanguage\":\"he-IL\"},{\"@type\":\"Organization\",\"@id\":\"https:\\\/\\\/souhami-lawoffice.com\\\/#organization\",\"name\":\"Avocats immobilier en Isra\u00ebl\",\"url\":\"https:\\\/\\\/souhami-lawoffice.com\\\/\",\"logo\":{\"@type\":\"ImageObject\",\"inLanguage\":\"he-IL\",\"@id\":\"https:\\\/\\\/souhami-lawoffice.com\\\/#\\\/schema\\\/logo\\\/image\\\/\",\"url\":\"https:\\\/\\\/souhami-lawoffice.com\\\/wp-content\\\/uploads\\\/2024\\\/12\\\/Fichier-20.svg\",\"contentUrl\":\"https:\\\/\\\/souhami-lawoffice.com\\\/wp-content\\\/uploads\\\/2024\\\/12\\\/Fichier-20.svg\",\"width\":381,\"height\":78,\"caption\":\"Avocats immobilier en Isra\u00ebl\"},\"image\":{\"@id\":\"https:\\\/\\\/souhami-lawoffice.com\\\/#\\\/schema\\\/logo\\\/image\\\/\"},\"sameAs\":[\"https:\\\/\\\/www.facebook.com\\\/profile.php?id=61571065836789\",\"https:\\\/\\\/www.linkedin.com\\\/in\\\/benjamin-souhami-b25a1098\\\/\",\"https:\\\/\\\/www.instagram.com\\\/souhamiavocats\\\/\"]}]}<\/script>\n<!-- \/ Yoast SEO plugin. -->","yoast_head_json":{"title":"Nos services\u200b - Souhami&amp;Co\u00a0\u00a0|\u00a0\u00a0Avocats immobilier en Isra\u00ebl","robots":{"index":"index","follow":"follow","max-snippet":"max-snippet:-1","max-image-preview":"max-image-preview:large","max-video-preview":"max-video-preview:-1"},"canonical":"https:\/\/souhami-lawoffice.com\/he\/nos-services\/","og_locale":"he_IL","og_type":"article","og_title":"Nos services\u200b - Souhami&amp;Co\u00a0\u00a0|\u00a0\u00a0Avocats immobilier en Isra\u00ebl","og_description":"Nos services Gestion locative Gestion locative en Isra\u00ebl : pourquoi choisir un avocat plut\u00f4t qu\u2019un agent immobilier ? Confier la gestion locative de son bien \u00e0 un avocat sp\u00e9cialis\u00e9 offre une protection juridique renforc\u00e9e. Contrairement \u00e0 un agent immobilier, un avocat ma\u00eetrise les aspects l\u00e9gaux complexes du droit immobilier et locatif en Isra\u00ebl, ce qui [&hellip;]","og_url":"https:\/\/souhami-lawoffice.com\/he\/nos-services\/","og_site_name":"Souhami&amp;Co\u00a0\u00a0|\u00a0\u00a0Avocats immobilier en Isra\u00ebl","article_publisher":"https:\/\/www.facebook.com\/profile.php?id=61571065836789","article_modified_time":"2025-04-24T12:02:30+00:00","twitter_card":"summary_large_image","twitter_misc":{"\u05d6\u05de\u05df \u05e7\u05e8\u05d9\u05d0\u05d4 \u05de\u05d5\u05e2\u05e8\u05da":"\u05d3\u05e7\u05d41"},"schema":{"@context":"https:\/\/schema.org","@graph":[{"@type":"WebPage","@id":"https:\/\/souhami-lawoffice.com\/nos-services\/","url":"https:\/\/souhami-lawoffice.com\/nos-services\/","name":"Nos services\u200b - Souhami&amp;Co\u00a0\u00a0|\u00a0\u00a0Avocats immobilier en Isra\u00ebl","isPartOf":{"@id":"https:\/\/souhami-lawoffice.com\/#website"},"datePublished":"2025-03-24T14:36:28+00:00","dateModified":"2025-04-24T12:02:30+00:00","breadcrumb":{"@id":"https:\/\/souhami-lawoffice.com\/nos-services\/#breadcrumb"},"inLanguage":"he-IL","potentialAction":[{"@type":"ReadAction","target":["https:\/\/souhami-lawoffice.com\/nos-services\/"]}]},{"@type":"BreadcrumbList","@id":"https:\/\/souhami-lawoffice.com\/nos-services\/#breadcrumb","itemListElement":[{"@type":"ListItem","position":1,"name":"Accueil","item":"https:\/\/souhami-lawoffice.com\/"},{"@type":"ListItem","position":2,"name":"Nos services\u200b"}]},{"@type":"WebSite","@id":"https:\/\/souhami-lawoffice.com\/#website","url":"https:\/\/souhami-lawoffice.com\/","name":"Avocats immobilier en Isra\u00ebl","description":"Souhami&amp;Co\u00a0\u00a0|\u00a0\u00a0Avocats immobilier en Isra\u00ebl","publisher":{"@id":"https:\/\/souhami-lawoffice.com\/#organization"},"potentialAction":[{"@type":"SearchAction","target":{"@type":"EntryPoint","urlTemplate":"https:\/\/souhami-lawoffice.com\/?s={search_term_string}"},"query-input":{"@type":"PropertyValueSpecification","valueRequired":true,"valueName":"search_term_string"}}],"inLanguage":"he-IL"},{"@type":"Organization","@id":"https:\/\/souhami-lawoffice.com\/#organization","name":"Avocats immobilier en Isra\u00ebl","url":"https:\/\/souhami-lawoffice.com\/","logo":{"@type":"ImageObject","inLanguage":"he-IL","@id":"https:\/\/souhami-lawoffice.com\/#\/schema\/logo\/image\/","url":"https:\/\/souhami-lawoffice.com\/wp-content\/uploads\/2024\/12\/Fichier-20.svg","contentUrl":"https:\/\/souhami-lawoffice.com\/wp-content\/uploads\/2024\/12\/Fichier-20.svg","width":381,"height":78,"caption":"Avocats immobilier en Isra\u00ebl"},"image":{"@id":"https:\/\/souhami-lawoffice.com\/#\/schema\/logo\/image\/"},"sameAs":["https:\/\/www.facebook.com\/profile.php?id=61571065836789","https:\/\/www.linkedin.com\/in\/benjamin-souhami-b25a1098\/","https:\/\/www.instagram.com\/souhamiavocats\/"]}]}},"_links":{"self":[{"href":"https:\/\/souhami-lawoffice.com\/he\/wp-json\/wp\/v2\/pages\/954","targetHints":{"allow":["GET"]}}],"collection":[{"href":"https:\/\/souhami-lawoffice.com\/he\/wp-json\/wp\/v2\/pages"}],"about":[{"href":"https:\/\/souhami-lawoffice.com\/he\/wp-json\/wp\/v2\/types\/page"}],"author":[{"embeddable":true,"href":"https:\/\/souhami-lawoffice.com\/he\/wp-json\/wp\/v2\/users\/1"}],"replies":[{"embeddable":true,"href":"https:\/\/souhami-lawoffice.com\/he\/wp-json\/wp\/v2\/comments?post=954"}],"version-history":[{"count":7,"href":"https:\/\/souhami-lawoffice.com\/he\/wp-json\/wp\/v2\/pages\/954\/revisions"}],"predecessor-version":[{"id":1074,"href":"https:\/\/souhami-lawoffice.com\/he\/wp-json\/wp\/v2\/pages\/954\/revisions\/1074"}],"wp:attachment":[{"href":"https:\/\/souhami-lawoffice.com\/he\/wp-json\/wp\/v2\/media?parent=954"}],"curies":[{"name":"wp","href":"https:\/\/api.w.org\/{rel}","templated":true}]}}